{"id":14535,"date":"2021-09-14T05:09:59","date_gmt":"2021-09-14T09:09:59","guid":{"rendered":"https:\/\/rydelroofing.ca\/free-estimate\/"},"modified":"2026-02-06T12:46:05","modified_gmt":"2026-02-06T17:46:05","slug":"estimation-gratuite","status":"publish","type":"page","link":"https:\/\/rydelroofing.ca\/fr\/estimation-gratuite\/","title":{"rendered":"Estimation gratuite"},"content":{"rendered":"\t\t<div data-elementor-type=\"wp-page\" data-elementor-id=\"14535\" class=\"elementor elementor-14535 elementor-824\" data-elementor-post-type=\"page\">\n\t\t\t\t\t\t<section class=\"elementor-section elementor-top-section elementor-element elementor-element-95e7089 elementor-section-content-middle elementor-section-boxed elementor-section-height-default elementor-section-height-default\" data-id=\"95e7089\" data-element_type=\"section\" data-e-type=\"section\" data-settings=\"{&quot;background_background&quot;:&quot;classic&quot;}\">\n\t\t\t\t\t\t<div class=\"elementor-container elementor-column-gap-default\">\n\t\t\t\t\t<div class=\"elementor-column elementor-col-100 elementor-top-column elementor-element elementor-element-4e2b2b5 content_above_step_1\" data-id=\"4e2b2b5\" data-element_type=\"column\" data-e-type=\"column\">\n\t\t\t<div class=\"elementor-widget-wrap elementor-element-populated\">\n\t\t\t\t\t\t<div class=\"elementor-element elementor-element-7cf6db4 elementor-widget elementor-widget-spacer\" data-id=\"7cf6db4\" data-element_type=\"widget\" data-e-type=\"widget\" data-widget_type=\"spacer.default\">\n\t\t\t\t<div class=\"elementor-widget-container\">\n\t\t\t\t\t\t\t<div class=\"elementor-spacer\">\n\t\t\t<div class=\"elementor-spacer-inner\"><\/div>\n\t\t<\/div>\n\t\t\t\t\t\t<\/div>\n\t\t\t\t<\/div>\n\t\t\t\t<div class=\"elementor-element elementor-element-18cf345 elementor-widget elementor-widget-heading\" data-id=\"18cf345\" data-element_type=\"widget\" data-e-type=\"widget\" data-widget_type=\"heading.default\">\n\t\t\t\t<div class=\"elementor-widget-container\">\n\t\t\t\t\t<h1 class=\"elementor-heading-title elementor-size-default\">Estimation gratuite<\/h1>\t\t\t\t<\/div>\n\t\t\t\t<\/div>\n\t\t\t\t<div class=\"elementor-element elementor-element-93d2b3e elementor-widget elementor-widget-heading\" data-id=\"93d2b3e\" data-element_type=\"widget\" data-e-type=\"widget\" data-widget_type=\"heading.default\">\n\t\t\t\t<div class=\"elementor-widget-container\">\n\t\t\t\t\t<p class=\"elementor-heading-title elementor-size-default\">Choisissez l'\u00e9quipe d'experts de Rydel pour mener \u00e0 bien votre prochain projet avec excellence. <br>Contactez-nous en ligne ou appelez-nous \u2014 nous sommes disponibles 24 heures sur 24, 7 jours sur 7.<\/p>\t\t\t\t<\/div>\n\t\t\t\t<\/div>\n\t\t\t\t<section class=\"elementor-section elementor-inner-section elementor-element elementor-element-6d6a23c elementor-section-boxed elementor-section-height-default elementor-section-height-default\" data-id=\"6d6a23c\" data-element_type=\"section\" data-e-type=\"section\">\n\t\t\t\t\t\t<div class=\"elementor-container elementor-column-gap-default\">\n\t\t\t\t\t<div class=\"elementor-column elementor-col-100 elementor-inner-column elementor-element elementor-element-6bd1bd2\" data-id=\"6bd1bd2\" data-element_type=\"column\" data-e-type=\"column\">\n\t\t\t<div class=\"elementor-widget-wrap elementor-element-populated\">\n\t\t\t\t\t\t<div class=\"elementor-element elementor-element-ed89b1d elementor-widget__width-auto elementor-widget-mobile__width-inherit elementor-widget elementor-widget-heading\" data-id=\"ed89b1d\" data-element_type=\"widget\" data-e-type=\"widget\" data-widget_type=\"heading.default\">\n\t\t\t\t<div class=\"elementor-widget-container\">\n\t\t\t\t\t<span class=\"elementor-heading-title elementor-size-default\">Appelez-nous d\u00e8s aujourd'hui<\/span>\t\t\t\t<\/div>\n\t\t\t\t<\/div>\n\t\t\t\t<div class=\"elementor-element elementor-element-0c79bd1 elementor-position-inline-start elementor-widget__width-auto elementor-widget-mobile__width-inherit elementor-view-default elementor-mobile-position-block-start elementor-widget elementor-widget-icon-box\" data-id=\"0c79bd1\" data-element_type=\"widget\" data-e-type=\"widget\" data-widget_type=\"icon-box.default\">\n\t\t\t\t<div class=\"elementor-widget-container\">\n\t\t\t\t\t\t\t<div class=\"elementor-icon-box-wrapper\">\n\n\t\t\t\t\t\t<div class=\"elementor-icon-box-icon\">\n\t\t\t\t<a href=\"tel:+18554479335\" class=\"elementor-icon\" tabindex=\"-1\" aria-label=\"&lt;span class=&quot;pf_phone&quot;&gt;&lt;span class=&quot;pf_phone_tel&quot;&gt;1-855-447-9335&lt;\/span&gt;&lt;\/span&gt;\">\n\t\t\t\t<i aria-hidden=\"true\" class=\"fas fa-phone-alt\"><\/i>\t\t\t\t<\/a>\n\t\t\t<\/div>\n\t\t\t\n\t\t\t\t\t\t<div class=\"elementor-icon-box-content\">\n\n\t\t\t\t\t\t\t\t\t<span class=\"elementor-icon-box-title\">\n\t\t\t\t\t\t<a href=\"tel:+18554479335\" >\n\t\t\t\t\t\t\t<span class=\"pf_phone\"><span class=\"pf_phone_tel\">1-855-447-9335<\/span><\/span>\t\t\t\t\t\t<\/a>\n\t\t\t\t\t<\/span>\n\t\t\t\t\n\t\t\t\t\n\t\t\t<\/div>\n\t\t\t\n\t\t<\/div>\n\t\t\t\t\t\t<\/div>\n\t\t\t\t<\/div>\n\t\t\t\t\t<\/div>\n\t\t<\/div>\n\t\t\t\t\t<\/div>\n\t\t<\/section>\n\t\t\t\t\t<\/div>\n\t\t<\/div>\n\t\t\t\t\t<\/div>\n\t\t<\/section>\n\t\t\t\t<section class=\"elementor-section elementor-top-section elementor-element elementor-element-885f833 elementor-section-boxed elementor-section-height-default elementor-section-height-default\" data-id=\"885f833\" data-element_type=\"section\" data-e-type=\"section\">\n\t\t\t\t\t\t<div class=\"elementor-container elementor-column-gap-default\">\n\t\t\t\t\t<div class=\"elementor-column elementor-col-100 elementor-top-column elementor-element elementor-element-e8a1767\" data-id=\"e8a1767\" data-element_type=\"column\" data-e-type=\"column\">\n\t\t\t<div class=\"elementor-widget-wrap elementor-element-populated\">\n\t\t\t\t\t\t<div class=\"elementor-element elementor-element-9ae5e7f elementor-widget elementor-widget-shortcode\" data-id=\"9ae5e7f\" data-element_type=\"widget\" data-e-type=\"widget\" data-widget_type=\"shortcode.default\">\n\t\t\t\t<div class=\"elementor-widget-container\">\n\t\t\t\t\t\t\t<div class=\"elementor-shortcode\">\t<div id=\"postal_code_form\">\n        <div class=\"postal_code_form_group\">\n            <h2>\u00c9tape 1 \u2014 Entrez votre code postal<\/h2>\n                        <div class=\"postal_code_form_group_inner\">\n                <div class=\"postal_code_form_title\">\n                    <h3>Entrer votre code postal<\/h3>\n                <\/div>\n                <div class=\"postal_code_form_fields\">\n                    <input\n                        type=\"text\"\n                        id=\"postal_code_input\"\n                        value=\"\"\n                        placeholder=\"Code postal\"\n                        maxlength=\"7\"\n                        required\n                        pattern=\"[A-Za-z]\\d[A-Za-z] \\d[A-Za-z]\\d\"\n                        autocomplete=\"postal-code\"\n                        >\n                    <input type=\"hidden\" id=\"postal_code_lang\" value=\"fr\">\n                    <button id=\"postal_code_btn\"><i class=\"fa fa-search fa-lg\"><\/i><\/button>\n                <\/div>\n            <\/div>\n            <script>\n            const postalInput = document.getElementById('postal_code_input');\n\n            postalInput.addEventListener('input', function (e) {\n                \/\/ Uppercase and keep only letters and digits\n                let v = e.target.value.toUpperCase().replace(\/[^A-Z0-9]\/g, '');\n\n                \/\/ Limit to 6 characters (A1A1A1)\n                v = v.slice(0, 6);\n\n                \/\/ Insert the space after the 3rd character -> A1A 1A1\n                if (v.length > 3) {\n                v = v.slice(0, 3) + ' ' + v.slice(3);\n                }\n\n                e.target.value = v;\n            });\n            <\/script>\n        <\/div>\n    <\/div>\n\t<\/div>\n\t\t\t\t\t\t<\/div>\n\t\t\t\t<\/div>\n\t\t\t\t\t<\/div>\n\t\t<\/div>\n\t\t\t\t\t<\/div>\n\t\t<\/section>\n\t\t\t\t<section class=\"elementor-section elementor-top-section elementor-element elementor-element-664a26a estimate_work_with elementor-section-boxed elementor-section-height-default elementor-section-height-default\" data-id=\"664a26a\" data-element_type=\"section\" data-e-type=\"section\" data-settings=\"{&quot;background_background&quot;:&quot;classic&quot;}\">\n\t\t\t\t\t\t<div class=\"elementor-container elementor-column-gap-default\">\n\t\t\t\t\t<div class=\"elementor-column elementor-col-50 elementor-top-column elementor-element elementor-element-0ea7ab8 estimate_work_with_col_1\" data-id=\"0ea7ab8\" data-element_type=\"column\" data-e-type=\"column\">\n\t\t\t<div class=\"elementor-widget-wrap elementor-element-populated\">\n\t\t\t\t\t\t<div class=\"elementor-element elementor-element-cb31a94 elementor-widget elementor-widget-spacer\" data-id=\"cb31a94\" data-element_type=\"widget\" data-e-type=\"widget\" data-widget_type=\"spacer.default\">\n\t\t\t\t<div class=\"elementor-widget-container\">\n\t\t\t\t\t\t\t<div class=\"elementor-spacer\">\n\t\t\t<div class=\"elementor-spacer-inner\"><\/div>\n\t\t<\/div>\n\t\t\t\t\t\t<\/div>\n\t\t\t\t<\/div>\n\t\t\t\t\t<\/div>\n\t\t<\/div>\n\t\t\t\t<div class=\"elementor-column elementor-col-50 elementor-top-column elementor-element elementor-element-60a94f4 estimate_work_with_col_2\" data-id=\"60a94f4\" data-element_type=\"column\" data-e-type=\"column\">\n\t\t\t<div class=\"elementor-widget-wrap elementor-element-populated\">\n\t\t\t\t\t\t<div class=\"elementor-element elementor-element-3144933 elementor-widget elementor-widget-heading\" data-id=\"3144933\" data-element_type=\"widget\" data-e-type=\"widget\" data-widget_type=\"heading.default\">\n\t\t\t\t<div class=\"elementor-widget-container\">\n\t\t\t\t\t<h3 class=\"elementor-heading-title elementor-size-default\">\nTravaillez avec une entreprise qui vous offrira un travail de la meilleure qualit\u00e9 \u00e0 un prix \u00e9quitable.<\/h3>\t\t\t\t<\/div>\n\t\t\t\t<\/div>\n\t\t\t\t<div class=\"elementor-element elementor-element-4294882 elementor-widget elementor-widget-text-editor\" data-id=\"4294882\" data-element_type=\"widget\" data-e-type=\"widget\" data-widget_type=\"text-editor.default\">\n\t\t\t\t<div class=\"elementor-widget-container\">\n\t\t\t\t\t\t\t\t\t<p>Lorsque vous choisissez une entreprise de toiture et de bardage pour votre prochain projet, assurez-vous de faire le bon choix en en trouvant une qui a fait ses preuves, avec un entretien et une garantie fiables, les bonnes certifications et un processus sur lequel vous pouvez compter pour vous assurer que votre installation est effectu\u00e9e \u00e0 temps et sur le budget.<\/p>\t\t\t\t\t\t\t\t<\/div>\n\t\t\t\t<\/div>\n\t\t\t\t<div class=\"elementor-element elementor-element-dc54955 elementor-align-left elementor-widget elementor-widget-button\" data-id=\"dc54955\" data-element_type=\"widget\" data-e-type=\"widget\" data-widget_type=\"button.default\">\n\t\t\t\t<div class=\"elementor-widget-container\">\n\t\t\t\t\t\t\t\t\t<div class=\"elementor-button-wrapper\">\n\t\t\t\t\t<a class=\"elementor-button elementor-button-link elementor-size-sm elementor-animation-grow\" href=\"https:\/\/rydelroofing.ca\/fr\/a-notre-sujet\/\">\n\t\t\t\t\t\t<span class=\"elementor-button-content-wrapper\">\n\t\t\t\t\t\t\t\t\t<span class=\"elementor-button-text\"> En savoir plus sur nous<\/span>\n\t\t\t\t\t<\/span>\n\t\t\t\t\t<\/a>\n\t\t\t\t<\/div>\n\t\t\t\t\t\t\t\t<\/div>\n\t\t\t\t<\/div>\n\t\t\t\t\t<\/div>\n\t\t<\/div>\n\t\t\t\t\t<\/div>\n\t\t<\/section>\n\t\t\t\t<\/div>\n\t\t","protected":false},"excerpt":{"rendered":"<p>Estimation gratuite Choisissez l&#8217;\u00e9quipe d&#8217;experts de Rydel pour mener \u00e0 bien votre prochain projet avec excellence. Contactez-nous en ligne ou appelez-nous \u2014 nous sommes disponibles 24 heures sur 24, 7 jours sur 7. Appelez-nous d\u00e8s aujourd&#8217;hui Travaillez avec une entreprise qui vous offrira un travail de la meilleure qualit\u00e9 \u00e0 un prix \u00e9quitable. Lorsque vous [&hellip;]<\/p>\n","protected":false},"author":1,"featured_media":0,"parent":0,"menu_order":18,"comment_status":"closed","ping_status":"closed","template":"full-width.php","meta":{"_acf_changed":false,"_seopress_robots_primary_cat":"","_seopress_titles_title":"","_seopress_titles_desc":"","_seopress_robots_index":"","footnotes":""},"class_list":["post-14535","page","type-page","status-publish","hentry"],"acf":[],"_links":{"self":[{"href":"https:\/\/rydelroofing.ca\/fr\/wp-json\/wp\/v2\/pages\/14535","targetHints":{"allow":["GET"]}}],"collection":[{"href":"https:\/\/rydelroofing.ca\/fr\/wp-json\/wp\/v2\/pages"}],"about":[{"href":"https:\/\/rydelroofing.ca\/fr\/wp-json\/wp\/v2\/types\/page"}],"author":[{"embeddable":true,"href":"https:\/\/rydelroofing.ca\/fr\/wp-json\/wp\/v2\/users\/1"}],"replies":[{"embeddable":true,"href":"https:\/\/rydelroofing.ca\/fr\/wp-json\/wp\/v2\/comments?post=14535"}],"version-history":[{"count":3,"href":"https:\/\/rydelroofing.ca\/fr\/wp-json\/wp\/v2\/pages\/14535\/revisions"}],"predecessor-version":[{"id":24695,"href":"https:\/\/rydelroofing.ca\/fr\/wp-json\/wp\/v2\/pages\/14535\/revisions\/24695"}],"wp:attachment":[{"href":"https:\/\/rydelroofing.ca\/fr\/wp-json\/wp\/v2\/media?parent=14535"}],"curies":[{"name":"wp","href":"https:\/\/api.w.org\/{rel}","templated":true}]}}