{"id":22196,"date":"2025-07-09T11:23:26","date_gmt":"2025-07-09T15:23:26","guid":{"rendered":"https:\/\/rydelroofing.ca\/?page_id=22196"},"modified":"2025-07-25T11:37:15","modified_gmt":"2025-07-25T15:37:15","slug":"windows-doors","status":"publish","type":"page","link":"https:\/\/rydelroofing.ca\/fr\/produits\/windows-doors\/","title":{"rendered":"Fen\u00eatres et Portes"},"content":{"rendered":"\t\t<div data-elementor-type=\"wp-page\" data-elementor-id=\"22196\" class=\"elementor elementor-22196 elementor-21987\" data-elementor-post-type=\"page\">\n\t\t\t\t\t\t<section class=\"elementor-section elementor-top-section elementor-element elementor-element-2c44b7f elementor-section-content-middle elementor-section-stretched elementor-section-boxed elementor-section-height-default elementor-section-height-default\" data-id=\"2c44b7f\" data-element_type=\"section\" data-e-type=\"section\" data-settings=\"{&quot;background_background&quot;:&quot;classic&quot;,&quot;stretch_section&quot;:&quot;section-stretched&quot;}\">\n\t\t\t\t\t\t<div class=\"elementor-container elementor-column-gap-default\">\n\t\t\t\t\t<div class=\"elementor-column elementor-col-100 elementor-top-column elementor-element elementor-element-44fb0f8\" data-id=\"44fb0f8\" data-element_type=\"column\" data-e-type=\"column\">\n\t\t\t<div class=\"elementor-widget-wrap elementor-element-populated\">\n\t\t\t\t\t\t<div class=\"elementor-element elementor-element-11aa2af elementor-widget elementor-widget-spacer\" data-id=\"11aa2af\" data-element_type=\"widget\" data-e-type=\"widget\" data-widget_type=\"spacer.default\">\n\t\t\t\t<div class=\"elementor-widget-container\">\n\t\t\t\t\t\t\t<div class=\"elementor-spacer\">\n\t\t\t<div class=\"elementor-spacer-inner\"><\/div>\n\t\t<\/div>\n\t\t\t\t\t\t<\/div>\n\t\t\t\t<\/div>\n\t\t\t\t<div class=\"elementor-element elementor-element-87b637a elementor-widget elementor-widget-heading\" data-id=\"87b637a\" data-element_type=\"widget\" data-e-type=\"widget\" data-widget_type=\"heading.default\">\n\t\t\t\t<div class=\"elementor-widget-container\">\n\t\t\t\t\t<h1 class=\"elementor-heading-title elementor-size-default\">Fen\u00eatres et Portes<\/h1>\t\t\t\t<\/div>\n\t\t\t\t<\/div>\n\t\t\t\t<div class=\"elementor-element elementor-element-8f01103 elementor-widget elementor-widget-heading\" data-id=\"8f01103\" data-element_type=\"widget\" data-e-type=\"widget\" data-widget_type=\"heading.default\">\n\t\t\t\t<div class=\"elementor-widget-container\">\n\t\t\t\t\t<p class=\"elementor-heading-title elementor-size-default\">En tant que propri\u00e9taire, si vous souhaitez remplacer ou am\u00e9liorer vos fen\u00eatres et portes, faites de Rydel votre premier appel pour des produits fiables, une installation experte et une qualit\u00e9 artisanale garantie<\/p>\t\t\t\t<\/div>\n\t\t\t\t<\/div>\n\t\t\t\t\t<\/div>\n\t\t<\/div>\n\t\t\t\t\t<\/div>\n\t\t<\/section>\n\t\t\t\t<section class=\"elementor-section elementor-top-section elementor-element elementor-element-4d7821a elementor-section-stretched elementor-section-boxed elementor-section-height-default elementor-section-height-default\" data-id=\"4d7821a\" data-element_type=\"section\" data-e-type=\"section\" data-settings=\"{&quot;background_background&quot;:&quot;gradient&quot;,&quot;stretch_section&quot;:&quot;section-stretched&quot;}\">\n\t\t\t\t\t\t<div class=\"elementor-container elementor-column-gap-default\">\n\t\t\t\t\t<div class=\"elementor-column elementor-col-100 elementor-top-column elementor-element elementor-element-347b36d\" data-id=\"347b36d\" data-element_type=\"column\" data-e-type=\"column\" data-settings=\"{&quot;background_background&quot;:&quot;classic&quot;}\">\n\t\t\t<div class=\"elementor-widget-wrap elementor-element-populated\">\n\t\t\t\t\t\t<div class=\"elementor-element elementor-element-465ab47 elementor-widget__width-auto elementor-widget elementor-widget-heading\" data-id=\"465ab47\" data-element_type=\"widget\" data-e-type=\"widget\" data-widget_type=\"heading.default\">\n\t\t\t\t<div class=\"elementor-widget-container\">\n\t\t\t\t\t<h3 class=\"elementor-heading-title elementor-size-default\">Demandez d\u00e8s aujourd'hui votre estimation gratuite !<\/h3>\t\t\t\t<\/div>\n\t\t\t\t<\/div>\n\t\t\t\t<div class=\"elementor-element elementor-element-6af4243 elementor-widget__width-auto elementor-widget elementor-widget-button\" data-id=\"6af4243\" data-element_type=\"widget\" data-e-type=\"widget\" data-widget_type=\"button.default\">\n\t\t\t\t<div class=\"elementor-widget-container\">\n\t\t\t\t\t\t\t\t\t<div class=\"elementor-button-wrapper\">\n\t\t\t\t\t<a class=\"elementor-button elementor-button-link elementor-size-sm elementor-animation-grow\" href=\"https:\/\/rydelroofing.ca\/free-estimate\/\">\n\t\t\t\t\t\t<span class=\"elementor-button-content-wrapper\">\n\t\t\t\t\t\t<span class=\"elementor-button-icon\">\n\t\t\t\t<svg xmlns=\"http:\/\/www.w3.org\/2000\/svg\" width=\"21.803\" height=\"21.803\" viewBox=\"0 0 21.803 21.803\"><path id=\"Icon_awesome-check-circle\" data-name=\"Icon awesome-check-circle\" d=\"M22.366,11.464a10.9,10.9,0,1,1-10.9-10.9A10.9,10.9,0,0,1,22.366,11.464ZM10.2,17.237l8.088-8.088a.7.7,0,0,0,0-.995L17.3,7.159a.7.7,0,0,0-.995,0l-6.6,6.6-3.08-3.08a.7.7,0,0,0-.995,0l-.995.995a.7.7,0,0,0,0,.995l4.572,4.572a.7.7,0,0,0,.995,0Z\" transform=\"translate(-0.563 -0.563)\" fill=\"#fcb603\"><\/path><\/svg>\t\t\t<\/span>\n\t\t\t\t\t\t\t\t\t<span class=\"elementor-button-text\">Estimation gratuite<\/span>\n\t\t\t\t\t<\/span>\n\t\t\t\t\t<\/a>\n\t\t\t\t<\/div>\n\t\t\t\t\t\t\t\t<\/div>\n\t\t\t\t<\/div>\n\t\t\t\t\t<\/div>\n\t\t<\/div>\n\t\t\t\t\t<\/div>\n\t\t<\/section>\n\t\t\t\t<section class=\"elementor-section elementor-top-section elementor-element elementor-element-ce82533 elementor-section-stretched elementor-section-boxed elementor-section-height-default elementor-section-height-default\" data-id=\"ce82533\" data-element_type=\"section\" data-e-type=\"section\" data-settings=\"{&quot;background_background&quot;:&quot;classic&quot;,&quot;stretch_section&quot;:&quot;section-stretched&quot;}\">\n\t\t\t\t\t\t<div class=\"elementor-container elementor-column-gap-default\">\n\t\t\t\t\t<div class=\"elementor-column elementor-col-100 elementor-top-column elementor-element elementor-element-3a78ba8\" data-id=\"3a78ba8\" data-element_type=\"column\" data-e-type=\"column\" data-settings=\"{&quot;background_background&quot;:&quot;classic&quot;}\">\n\t\t\t<div class=\"elementor-widget-wrap elementor-element-populated\">\n\t\t\t\t\t\t<div class=\"elementor-element elementor-element-17cc21c elementor-widget elementor-widget-shortcode\" data-id=\"17cc21c\" data-element_type=\"widget\" data-e-type=\"widget\" data-widget_type=\"shortcode.default\">\n\t\t\t\t<div class=\"elementor-widget-container\">\n\t\t\t\t\t\t\t<div class=\"elementor-shortcode\">\n        <div class=\"services_group\">\n        \n            <div class=\"services_item\">\n                <div class=\"service_image\"><img fetchpriority=\"high\" decoding=\"async\" width=\"2560\" height=\"1797\" src=\"https:\/\/rydelroofing.ca\/wp-content\/uploads\/2025\/07\/rydel_window.jpg\" class=\"attachment-full size-full\" alt=\"\" srcset=\"https:\/\/rydelroofing.ca\/wp-content\/uploads\/2025\/07\/rydel_window.jpg 2560w, https:\/\/rydelroofing.ca\/wp-content\/uploads\/2025\/07\/rydel_window-300x211.jpg 300w, https:\/\/rydelroofing.ca\/wp-content\/uploads\/2025\/07\/rydel_window-1024x719.jpg 1024w, https:\/\/rydelroofing.ca\/wp-content\/uploads\/2025\/07\/rydel_window-768x539.jpg 768w, https:\/\/rydelroofing.ca\/wp-content\/uploads\/2025\/07\/rydel_window-1536x1078.jpg 1536w, https:\/\/rydelroofing.ca\/wp-content\/uploads\/2025\/07\/rydel_window-2048x1438.jpg 2048w\" sizes=\"(max-width: 2560px) 100vw, 2560px\" \/><a href=\"https:\/\/rydelroofing.ca\/fr\/produits\/windows-doors\/windows\/\"><span>Fen\u00eatres<\/span><\/a>\n                <\/div>\n            <\/div>\n            \n            <div class=\"services_item\">\n                <div class=\"service_image\"><img decoding=\"async\" width=\"2560\" height=\"1920\" src=\"https:\/\/rydelroofing.ca\/wp-content\/uploads\/2025\/07\/rydel_door-1.jpg\" class=\"attachment-full size-full\" alt=\"\" srcset=\"https:\/\/rydelroofing.ca\/wp-content\/uploads\/2025\/07\/rydel_door-1.jpg 2560w, https:\/\/rydelroofing.ca\/wp-content\/uploads\/2025\/07\/rydel_door-1-300x225.jpg 300w, https:\/\/rydelroofing.ca\/wp-content\/uploads\/2025\/07\/rydel_door-1-1024x768.jpg 1024w, https:\/\/rydelroofing.ca\/wp-content\/uploads\/2025\/07\/rydel_door-1-768x576.jpg 768w, https:\/\/rydelroofing.ca\/wp-content\/uploads\/2025\/07\/rydel_door-1-1536x1152.jpg 1536w, https:\/\/rydelroofing.ca\/wp-content\/uploads\/2025\/07\/rydel_door-1-2048x1536.jpg 2048w\" sizes=\"(max-width: 2560px) 100vw, 2560px\" \/><a href=\"https:\/\/rydelroofing.ca\/fr\/produits\/windows-doors\/doors\/\"><span>Portes<\/span><\/a>\n                <\/div>\n            <\/div>\n            \n        <\/div>\n        <\/div>\n\t\t\t\t\t\t<\/div>\n\t\t\t\t<\/div>\n\t\t\t\t\t<\/div>\n\t\t<\/div>\n\t\t\t\t\t<\/div>\n\t\t<\/section>\n\t\t\t\t<\/div>\n\t\t","protected":false},"excerpt":{"rendered":"<p>Fen\u00eatres et Portes Demandez d\u00e8s aujourd&#8217;hui votre estimation gratuite ! Estimation gratuite<\/p>\n","protected":false},"author":1,"featured_media":0,"parent":14437,"menu_order":2,"comment_status":"closed","ping_status":"closed","template":"","meta":{"_acf_changed":false,"_seopress_robots_primary_cat":"","_seopress_titles_title":"","_seopress_titles_desc":"","_seopress_robots_index":"","footnotes":""},"class_list":["post-22196","page","type-page","status-publish","hentry"],"acf":[],"_links":{"self":[{"href":"https:\/\/rydelroofing.ca\/fr\/wp-json\/wp\/v2\/pages\/22196","targetHints":{"allow":["GET"]}}],"collection":[{"href":"https:\/\/rydelroofing.ca\/fr\/wp-json\/wp\/v2\/pages"}],"about":[{"href":"https:\/\/rydelroofing.ca\/fr\/wp-json\/wp\/v2\/types\/page"}],"author":[{"embeddable":true,"href":"https:\/\/rydelroofing.ca\/fr\/wp-json\/wp\/v2\/users\/1"}],"replies":[{"embeddable":true,"href":"https:\/\/rydelroofing.ca\/fr\/wp-json\/wp\/v2\/comments?post=22196"}],"version-history":[{"count":0,"href":"https:\/\/rydelroofing.ca\/fr\/wp-json\/wp\/v2\/pages\/22196\/revisions"}],"up":[{"embeddable":true,"href":"https:\/\/rydelroofing.ca\/fr\/wp-json\/wp\/v2\/pages\/14437"}],"wp:attachment":[{"href":"https:\/\/rydelroofing.ca\/fr\/wp-json\/wp\/v2\/media?parent=22196"}],"curies":[{"name":"wp","href":"https:\/\/api.w.org\/{rel}","templated":true}]}}