{"id":23485,"date":"2025-11-14T13:44:25","date_gmt":"2025-11-14T18:44:25","guid":{"rendered":"https:\/\/rydelroofing.ca\/?page_id=23485"},"modified":"2025-11-17T13:57:45","modified_gmt":"2025-11-17T18:57:45","slug":"contactez-nous-2","status":"publish","type":"page","link":"https:\/\/rydelroofing.ca\/fr\/contactez-nous-2\/","title":{"rendered":"Contactez-nous 2"},"content":{"rendered":"\t\t<div data-elementor-type=\"wp-page\" data-elementor-id=\"23485\" class=\"elementor elementor-23485\" data-elementor-post-type=\"page\">\n\t\t\t\t\t\t<section class=\"elementor-section elementor-top-section elementor-element elementor-element-cd2a62a elementor-section-content-middle elementor-section-boxed elementor-section-height-default elementor-section-height-default\" data-id=\"cd2a62a\" data-element_type=\"section\" data-e-type=\"section\" data-settings=\"{&quot;background_background&quot;:&quot;classic&quot;}\">\n\t\t\t\t\t\t<div class=\"elementor-container elementor-column-gap-default\">\n\t\t\t\t\t<div class=\"elementor-column elementor-col-100 elementor-top-column elementor-element elementor-element-269b304\" data-id=\"269b304\" data-element_type=\"column\" data-e-type=\"column\">\n\t\t\t<div class=\"elementor-widget-wrap elementor-element-populated\">\n\t\t\t\t\t\t<div class=\"elementor-element elementor-element-3787c7b elementor-widget elementor-widget-spacer\" data-id=\"3787c7b\" data-element_type=\"widget\" data-e-type=\"widget\" data-widget_type=\"spacer.default\">\n\t\t\t\t<div class=\"elementor-widget-container\">\n\t\t\t\t\t\t\t<div class=\"elementor-spacer\">\n\t\t\t<div class=\"elementor-spacer-inner\"><\/div>\n\t\t<\/div>\n\t\t\t\t\t\t<\/div>\n\t\t\t\t<\/div>\n\t\t\t\t<div class=\"elementor-element elementor-element-d786eb8 elementor-widget elementor-widget-heading\" data-id=\"d786eb8\" data-element_type=\"widget\" data-e-type=\"widget\" data-widget_type=\"heading.default\">\n\t\t\t\t<div class=\"elementor-widget-container\">\n\t\t\t\t\t<h1 class=\"elementor-heading-title elementor-size-default\">\nPrenez contact avec nous<\/h1>\t\t\t\t<\/div>\n\t\t\t\t<\/div>\n\t\t\t\t<div class=\"elementor-element elementor-element-658bf50 elementor-widget elementor-widget-heading\" data-id=\"658bf50\" data-element_type=\"widget\" data-e-type=\"widget\" data-widget_type=\"heading.default\">\n\t\t\t\t<div class=\"elementor-widget-container\">\n\t\t\t\t\t<p class=\"elementor-heading-title elementor-size-default\">Choisissez l'\u00e9quipe d'experts de Rydel pour mener \u00e0 bien votre prochain projet avec excellence. <br>Contactez-nous en ligne ou appelez-nous \u2014 nous sommes disponibles 24 heures sur 24, 7 jours sur 7.<\/p>\t\t\t\t<\/div>\n\t\t\t\t<\/div>\n\t\t\t\t<section class=\"elementor-section elementor-inner-section elementor-element elementor-element-06a080a elementor-section-boxed elementor-section-height-default elementor-section-height-default\" data-id=\"06a080a\" data-element_type=\"section\" data-e-type=\"section\">\n\t\t\t\t\t\t<div class=\"elementor-container elementor-column-gap-default\">\n\t\t\t\t\t<div class=\"elementor-column elementor-col-100 elementor-inner-column elementor-element elementor-element-d775353\" data-id=\"d775353\" data-element_type=\"column\" data-e-type=\"column\">\n\t\t\t<div class=\"elementor-widget-wrap elementor-element-populated\">\n\t\t\t\t\t\t<div class=\"elementor-element elementor-element-d7c5a40 elementor-widget__width-auto elementor-widget-mobile__width-inherit elementor-widget elementor-widget-heading\" data-id=\"d7c5a40\" data-element_type=\"widget\" data-e-type=\"widget\" data-widget_type=\"heading.default\">\n\t\t\t\t<div class=\"elementor-widget-container\">\n\t\t\t\t\t<span class=\"elementor-heading-title elementor-size-default\">Appelez-nous d\u00e8s aujourd'hui<\/span>\t\t\t\t<\/div>\n\t\t\t\t<\/div>\n\t\t\t\t<div class=\"elementor-element elementor-element-9502f32 elementor-position-inline-start elementor-widget__width-auto elementor-widget-mobile__width-inherit elementor-view-default elementor-mobile-position-block-start elementor-widget elementor-widget-icon-box\" data-id=\"9502f32\" data-element_type=\"widget\" data-e-type=\"widget\" data-widget_type=\"icon-box.default\">\n\t\t\t\t<div class=\"elementor-widget-container\">\n\t\t\t\t\t\t\t<div class=\"elementor-icon-box-wrapper\">\n\n\t\t\t\t\t\t<div class=\"elementor-icon-box-icon\">\n\t\t\t\t<a href=\"tel:+18554479335\" class=\"elementor-icon\" tabindex=\"-1\" aria-label=\"&lt;span class=&quot;pf_phone&quot;&gt;&lt;span class=&quot;pf_phone_tel&quot;&gt;1-855-447-9335&lt;\/span&gt;&lt;\/span&gt;\">\n\t\t\t\t<i aria-hidden=\"true\" class=\"fas fa-phone-alt\"><\/i>\t\t\t\t<\/a>\n\t\t\t<\/div>\n\t\t\t\n\t\t\t\t\t\t<div class=\"elementor-icon-box-content\">\n\n\t\t\t\t\t\t\t\t\t<span class=\"elementor-icon-box-title\">\n\t\t\t\t\t\t<a href=\"tel:+18554479335\" >\n\t\t\t\t\t\t\t<span class=\"pf_phone\"><span class=\"pf_phone_tel\">1-855-447-9335<\/span><\/span>\t\t\t\t\t\t<\/a>\n\t\t\t\t\t<\/span>\n\t\t\t\t\n\t\t\t\t\n\t\t\t<\/div>\n\t\t\t\n\t\t<\/div>\n\t\t\t\t\t\t<\/div>\n\t\t\t\t<\/div>\n\t\t\t\t\t<\/div>\n\t\t<\/div>\n\t\t\t\t\t<\/div>\n\t\t<\/section>\n\t\t\t\t\t<\/div>\n\t\t<\/div>\n\t\t\t\t\t<\/div>\n\t\t<\/section>\n\t\t\t\t<section class=\"elementor-section elementor-top-section elementor-element elementor-element-391eaf93 elementor-section-boxed elementor-section-height-default elementor-section-height-default\" data-id=\"391eaf93\" data-element_type=\"section\" data-e-type=\"section\">\n\t\t\t\t\t\t<div class=\"elementor-container elementor-column-gap-default\">\n\t\t\t\t\t<div class=\"elementor-column elementor-col-100 elementor-top-column elementor-element elementor-element-3c6d898f\" data-id=\"3c6d898f\" data-element_type=\"column\" data-e-type=\"column\">\n\t\t\t<div class=\"elementor-widget-wrap elementor-element-populated\">\n\t\t\t\t\t\t<div class=\"elementor-element elementor-element-34756850 elementor-widget elementor-widget-shortcode\" data-id=\"34756850\" data-element_type=\"widget\" data-e-type=\"widget\" data-widget_type=\"shortcode.default\">\n\t\t\t\t<div class=\"elementor-widget-container\">\n\t\t\t\t\t\t\t<div class=\"elementor-shortcode\">\t<div id=\"postal_code_form\">\n        <div class=\"postal_code_form_group\">\n            <h2>\u00c9tape 1 \u2014 Entrez votre code postal<\/h2>\n                        <div class=\"postal_code_form_group_inner\">\n                <div class=\"postal_code_form_title\">\n                    <h3>Entrer votre code postal<\/h3>\n                <\/div>\n                <div class=\"postal_code_form_fields\">\n                    <input\n                        type=\"text\"\n                        id=\"postal_code_input\"\n                        value=\"\"\n                        placeholder=\"Code postal\"\n                        maxlength=\"7\"\n                        required\n                        pattern=\"[A-Za-z]\\d[A-Za-z] \\d[A-Za-z]\\d\"\n                        autocomplete=\"postal-code\"\n                        >\n                    <input type=\"hidden\" id=\"postal_code_lang\" value=\"fr\">\n                    <button id=\"postal_code_btn\"><i class=\"fa fa-search fa-lg\"><\/i><\/button>\n                <\/div>\n            <\/div>\n            <script>\n            const postalInput = document.getElementById('postal_code_input');\n\n            postalInput.addEventListener('input', function (e) {\n                \/\/ Uppercase and keep only letters and digits\n                let v = e.target.value.toUpperCase().replace(\/[^A-Z0-9]\/g, '');\n\n                \/\/ Limit to 6 characters (A1A1A1)\n                v = v.slice(0, 6);\n\n                \/\/ Insert the space after the 3rd character -> A1A 1A1\n                if (v.length > 3) {\n                v = v.slice(0, 3) + ' ' + v.slice(3);\n                }\n\n                e.target.value = v;\n            });\n            <\/script>\n        <\/div>\n    <\/div>\n\t<\/div>\n\t\t\t\t\t\t<\/div>\n\t\t\t\t<\/div>\n\t\t\t\t\t<\/div>\n\t\t<\/div>\n\t\t\t\t\t<\/div>\n\t\t<\/section>\n\t\t\t\t<section class=\"elementor-section elementor-top-section elementor-element elementor-element-7bc6dc6 elementor-section-full_width elementor-section-height-default elementor-section-height-default\" data-id=\"7bc6dc6\" data-element_type=\"section\" data-e-type=\"section\">\n\t\t\t\t\t\t<div class=\"elementor-container elementor-column-gap-default\">\n\t\t\t\t\t<div class=\"elementor-column elementor-col-100 elementor-top-column elementor-element elementor-element-86f44f4\" data-id=\"86f44f4\" data-element_type=\"column\" data-e-type=\"column\">\n\t\t\t<div class=\"elementor-widget-wrap elementor-element-populated\">\n\t\t\t\t\t\t<div class=\"elementor-element elementor-element-cb09fa6 elementor-widget elementor-widget-google_maps\" data-id=\"cb09fa6\" data-element_type=\"widget\" data-e-type=\"widget\" data-widget_type=\"google_maps.default\">\n\t\t\t\t<div class=\"elementor-widget-container\">\n\t\t\t\t\t\t\t<div class=\"elementor-custom-embed\">\n\t\t\t<iframe loading=\"lazy\"\n\t\t\t\t\tsrc=\"https:\/\/maps.google.com\/maps?q=1680%20Woodward%20Drive%2C%20Ottawa%2C%20ON&#038;t=m&#038;z=12&#038;output=embed&#038;iwloc=near\"\n\t\t\t\t\ttitle=\"1680 Woodward Drive, Ottawa, ON\"\n\t\t\t\t\taria-label=\"1680 Woodward Drive, Ottawa, ON\"\n\t\t\t><\/iframe>\n\t\t<\/div>\n\t\t\t\t\t\t<\/div>\n\t\t\t\t<\/div>\n\t\t\t\t\t<\/div>\n\t\t<\/div>\n\t\t\t\t\t<\/div>\n\t\t<\/section>\n\t\t\t\t<section class=\"elementor-section elementor-top-section elementor-element elementor-element-45796353 elementor-hidden-mobile elementor-hidden-desktop elementor-section-boxed elementor-section-height-default elementor-section-height-default\" data-id=\"45796353\" data-element_type=\"section\" data-e-type=\"section\" data-settings=\"{&quot;background_background&quot;:&quot;classic&quot;}\">\n\t\t\t\t\t\t<div class=\"elementor-container elementor-column-gap-default\">\n\t\t\t\t\t<div class=\"elementor-column elementor-col-50 elementor-top-column elementor-element elementor-element-52c4a9a3\" data-id=\"52c4a9a3\" data-element_type=\"column\" data-e-type=\"column\">\n\t\t\t<div class=\"elementor-widget-wrap elementor-element-populated\">\n\t\t\t\t\t\t<div class=\"elementor-element elementor-element-3ee5ba5 elementor-widget__width-auto elementor-widget elementor-widget-button\" data-id=\"3ee5ba5\" data-element_type=\"widget\" data-e-type=\"widget\" data-widget_type=\"button.default\">\n\t\t\t\t<div class=\"elementor-widget-container\">\n\t\t\t\t\t\t\t\t\t<div class=\"elementor-button-wrapper\">\n\t\t\t\t\t<a class=\"elementor-button elementor-button-link elementor-size-sm elementor-animation-grow\" href=\"https:\/\/rydelroofing.ca\/fr\/estimation-gratuite\/\">\n\t\t\t\t\t\t<span class=\"elementor-button-content-wrapper\">\n\t\t\t\t\t\t<span class=\"elementor-button-icon\">\n\t\t\t\t<svg xmlns=\"http:\/\/www.w3.org\/2000\/svg\" width=\"21.803\" height=\"21.803\" viewBox=\"0 0 21.803 21.803\"><path id=\"Icon_awesome-check-circle\" data-name=\"Icon awesome-check-circle\" d=\"M22.366,11.464a10.9,10.9,0,1,1-10.9-10.9A10.9,10.9,0,0,1,22.366,11.464ZM10.2,17.237l8.088-8.088a.7.7,0,0,0,0-.995L17.3,7.159a.7.7,0,0,0-.995,0l-6.6,6.6-3.08-3.08a.7.7,0,0,0-.995,0l-.995.995a.7.7,0,0,0,0,.995l4.572,4.572a.7.7,0,0,0,.995,0Z\" transform=\"translate(-0.563 -0.563)\" fill=\"#fcb603\"><\/path><\/svg>\t\t\t<\/span>\n\t\t\t\t\t\t\t\t\t<span class=\"elementor-button-text\"> ESTIMATION GRATUITE<\/span>\n\t\t\t\t\t<\/span>\n\t\t\t\t\t<\/a>\n\t\t\t\t<\/div>\n\t\t\t\t\t\t\t\t<\/div>\n\t\t\t\t<\/div>\n\t\t\t\t\t<\/div>\n\t\t<\/div>\n\t\t\t\t<div class=\"elementor-column elementor-col-50 elementor-top-column elementor-element elementor-element-5db5f7e0\" data-id=\"5db5f7e0\" data-element_type=\"column\" data-e-type=\"column\">\n\t\t\t<div class=\"elementor-widget-wrap elementor-element-populated\">\n\t\t\t\t\t\t<div class=\"elementor-element elementor-element-3bdbc833 elementor-widget elementor-widget-heading\" data-id=\"3bdbc833\" data-element_type=\"widget\" data-e-type=\"widget\" data-widget_type=\"heading.default\">\n\t\t\t\t<div class=\"elementor-widget-container\">\n\t\t\t\t\t<h3 class=\"elementor-heading-title elementor-size-default\">Pr\u00eat \u00e0 livrer plus t\u00f4t !<\/h3>\t\t\t\t<\/div>\n\t\t\t\t<\/div>\n\t\t\t\t<div class=\"elementor-element elementor-element-1f6eb345 elementor-widget elementor-widget-heading\" data-id=\"1f6eb345\" data-element_type=\"widget\" data-e-type=\"widget\" data-widget_type=\"heading.default\">\n\t\t\t\t<div class=\"elementor-widget-container\">\n\t\t\t\t\t<p class=\"elementor-heading-title elementor-size-default\">En raison des contrats que nous avons avec les constructeurs, nous avons un grand nombre d\u2019\u00e9quipes et un horaire flexible. Cette flexibilit\u00e9 nous permet de travailler avec votre horaire pour qu\u2019une \u00e9quipe de qualit\u00e9 livre un nouveau toit plat pour votre maison selon un \u00e9ch\u00e9ancier qui convient \u00e0 l\u2019ensemble de votre projet.<\/p>\t\t\t\t<\/div>\n\t\t\t\t<\/div>\n\t\t\t\t\t<\/div>\n\t\t<\/div>\n\t\t\t\t\t<\/div>\n\t\t<\/section>\n\t\t\t\t<section class=\"elementor-section elementor-top-section elementor-element elementor-element-ae4fe49 elementor-hidden-desktop elementor-hidden-tablet elementor-hidden-laptop elementor-hidden-tablet_extra elementor-section-boxed elementor-section-height-default elementor-section-height-default\" data-id=\"ae4fe49\" data-element_type=\"section\" data-e-type=\"section\" data-settings=\"{&quot;background_background&quot;:&quot;classic&quot;}\">\n\t\t\t\t\t\t<div class=\"elementor-container elementor-column-gap-default\">\n\t\t\t\t\t<div class=\"elementor-column elementor-col-50 elementor-top-column elementor-element elementor-element-905bcb8\" data-id=\"905bcb8\" data-element_type=\"column\" data-e-type=\"column\">\n\t\t\t<div class=\"elementor-widget-wrap elementor-element-populated\">\n\t\t\t\t\t\t<div class=\"elementor-element elementor-element-98aa594 elementor-widget__width-auto elementor-widget elementor-widget-button\" data-id=\"98aa594\" data-element_type=\"widget\" data-e-type=\"widget\" data-widget_type=\"button.default\">\n\t\t\t\t<div class=\"elementor-widget-container\">\n\t\t\t\t\t\t\t\t\t<div class=\"elementor-button-wrapper\">\n\t\t\t\t\t<a class=\"elementor-button elementor-button-link elementor-size-sm elementor-animation-grow\" href=\"https:\/\/rydelroofing.ca\/fr\/estimation-gratuite\/\">\n\t\t\t\t\t\t<span class=\"elementor-button-content-wrapper\">\n\t\t\t\t\t\t<span class=\"elementor-button-icon\">\n\t\t\t\t<svg xmlns=\"http:\/\/www.w3.org\/2000\/svg\" width=\"21.803\" height=\"21.803\" viewBox=\"0 0 21.803 21.803\"><path id=\"Icon_awesome-check-circle\" data-name=\"Icon awesome-check-circle\" d=\"M22.366,11.464a10.9,10.9,0,1,1-10.9-10.9A10.9,10.9,0,0,1,22.366,11.464ZM10.2,17.237l8.088-8.088a.7.7,0,0,0,0-.995L17.3,7.159a.7.7,0,0,0-.995,0l-6.6,6.6-3.08-3.08a.7.7,0,0,0-.995,0l-.995.995a.7.7,0,0,0,0,.995l4.572,4.572a.7.7,0,0,0,.995,0Z\" transform=\"translate(-0.563 -0.563)\" fill=\"#fcb603\"><\/path><\/svg>\t\t\t<\/span>\n\t\t\t\t\t\t\t\t\t<span class=\"elementor-button-text\">ESTIMATION GRATUITE<\/span>\n\t\t\t\t\t<\/span>\n\t\t\t\t\t<\/a>\n\t\t\t\t<\/div>\n\t\t\t\t\t\t\t\t<\/div>\n\t\t\t\t<\/div>\n\t\t\t\t\t<\/div>\n\t\t<\/div>\n\t\t\t\t<div class=\"elementor-column elementor-col-50 elementor-top-column elementor-element elementor-element-92fa9f3\" data-id=\"92fa9f3\" data-element_type=\"column\" data-e-type=\"column\">\n\t\t\t<div class=\"elementor-widget-wrap elementor-element-populated\">\n\t\t\t\t\t\t<div class=\"elementor-element elementor-element-9b54ad2 elementor-widget elementor-widget-heading\" data-id=\"9b54ad2\" data-element_type=\"widget\" data-e-type=\"widget\" data-widget_type=\"heading.default\">\n\t\t\t\t<div class=\"elementor-widget-container\">\n\t\t\t\t\t<h3 class=\"elementor-heading-title elementor-size-default\">Pr\u00eat \u00e0 livrer plus t\u00f4t !<\/h3>\t\t\t\t<\/div>\n\t\t\t\t<\/div>\n\t\t\t\t<div class=\"elementor-element elementor-element-adaffd4 elementor-widget elementor-widget-heading\" data-id=\"adaffd4\" data-element_type=\"widget\" data-e-type=\"widget\" data-widget_type=\"heading.default\">\n\t\t\t\t<div class=\"elementor-widget-container\">\n\t\t\t\t\t<p class=\"elementor-heading-title elementor-size-default\">En raison des contrats que nous avons avec les constructeurs, nous avons un grand nombre d\u2019\u00e9quipes et un horaire flexible. Cette flexibilit\u00e9 nous permet de travailler avec votre horaire pour qu\u2019une \u00e9quipe de qualit\u00e9 livre un nouveau toit plat pour votre maison selon un \u00e9ch\u00e9ancier qui convient \u00e0 l\u2019ensemble de votre projet.<\/p>\t\t\t\t<\/div>\n\t\t\t\t<\/div>\n\t\t\t\t\t<\/div>\n\t\t<\/div>\n\t\t\t\t\t<\/div>\n\t\t<\/section>\n\t\t\t\t<\/div>\n\t\t","protected":false},"excerpt":{"rendered":"<p>Prenez contact avec nous Choisissez l&#8217;\u00e9quipe d&#8217;experts de Rydel pour mener \u00e0 bien votre prochain projet avec excellence. Contactez-nous en ligne ou appelez-nous \u2014 nous sommes disponibles 24 heures sur 24, 7 jours sur 7. Appelez-nous d\u00e8s aujourd&#8217;hui ESTIMATION GRATUITE Pr\u00eat \u00e0 livrer plus t\u00f4t ! En raison des contrats que nous avons avec les [&hellip;]<\/p>\n","protected":false},"author":1,"featured_media":0,"parent":0,"menu_order":25,"comment_status":"closed","ping_status":"closed","template":"full-width.php","meta":{"_acf_changed":false,"_seopress_robots_primary_cat":"","_seopress_titles_title":"","_seopress_titles_desc":"","_seopress_robots_index":"","footnotes":""},"class_list":["post-23485","page","type-page","status-publish","hentry"],"acf":[],"_links":{"self":[{"href":"https:\/\/rydelroofing.ca\/fr\/wp-json\/wp\/v2\/pages\/23485","targetHints":{"allow":["GET"]}}],"collection":[{"href":"https:\/\/rydelroofing.ca\/fr\/wp-json\/wp\/v2\/pages"}],"about":[{"href":"https:\/\/rydelroofing.ca\/fr\/wp-json\/wp\/v2\/types\/page"}],"author":[{"embeddable":true,"href":"https:\/\/rydelroofing.ca\/fr\/wp-json\/wp\/v2\/users\/1"}],"replies":[{"embeddable":true,"href":"https:\/\/rydelroofing.ca\/fr\/wp-json\/wp\/v2\/comments?post=23485"}],"version-history":[{"count":0,"href":"https:\/\/rydelroofing.ca\/fr\/wp-json\/wp\/v2\/pages\/23485\/revisions"}],"wp:attachment":[{"href":"https:\/\/rydelroofing.ca\/fr\/wp-json\/wp\/v2\/media?parent=23485"}],"curies":[{"name":"wp","href":"https:\/\/api.w.org\/{rel}","templated":true}]}}