{"id":24264,"date":"2026-01-05T12:32:19","date_gmt":"2026-01-05T17:32:19","guid":{"rendered":"https:\/\/rydelroofing.ca\/?page_id=24264"},"modified":"2026-02-09T09:41:33","modified_gmt":"2026-02-09T14:41:33","slug":"reclamations-de-garantie","status":"publish","type":"page","link":"https:\/\/rydelroofing.ca\/fr\/reclamations-de-garantie\/","title":{"rendered":"R\u00e9clamations de garantie"},"content":{"rendered":"\t\t<div data-elementor-type=\"wp-page\" data-elementor-id=\"24264\" class=\"elementor elementor-24264 elementor-24263\" data-elementor-post-type=\"page\">\n\t\t\t\t\t\t<section class=\"elementor-section elementor-top-section elementor-element elementor-element-7ae52f8 elementor-section-content-middle elementor-section-boxed elementor-section-height-default elementor-section-height-default\" data-id=\"7ae52f8\" data-element_type=\"section\" data-e-type=\"section\" data-settings=\"{&quot;background_background&quot;:&quot;classic&quot;}\">\n\t\t\t\t\t\t<div class=\"elementor-container elementor-column-gap-default\">\n\t\t\t\t\t<div class=\"elementor-column elementor-col-100 elementor-top-column elementor-element elementor-element-c945342\" data-id=\"c945342\" data-element_type=\"column\" data-e-type=\"column\">\n\t\t\t<div class=\"elementor-widget-wrap elementor-element-populated\">\n\t\t\t\t\t\t<div class=\"elementor-element elementor-element-0444336 elementor-widget elementor-widget-spacer\" data-id=\"0444336\" data-element_type=\"widget\" data-e-type=\"widget\" data-widget_type=\"spacer.default\">\n\t\t\t\t<div class=\"elementor-widget-container\">\n\t\t\t\t\t\t\t<div class=\"elementor-spacer\">\n\t\t\t<div class=\"elementor-spacer-inner\"><\/div>\n\t\t<\/div>\n\t\t\t\t\t\t<\/div>\n\t\t\t\t<\/div>\n\t\t\t\t<div class=\"elementor-element elementor-element-37413ff elementor-widget elementor-widget-heading\" data-id=\"37413ff\" data-element_type=\"widget\" data-e-type=\"widget\" data-widget_type=\"heading.default\">\n\t\t\t\t<div class=\"elementor-widget-container\">\n\t\t\t\t\t<h1 class=\"elementor-heading-title elementor-size-default\">R\u00e9clamations de garantie<\/h1>\t\t\t\t<\/div>\n\t\t\t\t<\/div>\n\t\t\t\t\t<\/div>\n\t\t<\/div>\n\t\t\t\t\t<\/div>\n\t\t<\/section>\n\t\t<div class=\"elementor-element elementor-element-ccc44b6 e-flex e-con-boxed e-con e-parent\" data-id=\"ccc44b6\" data-element_type=\"container\" data-e-type=\"container\">\n\t\t\t\t\t<div class=\"e-con-inner\">\n\t\t<div class=\"elementor-element elementor-element-6b22d1d e-con-full e-flex e-con e-child\" data-id=\"6b22d1d\" data-element_type=\"container\" data-e-type=\"container\">\n\t\t\t\t<div class=\"elementor-element elementor-element-de8ed4f warranty_text_editor elementor-widget elementor-widget-text-editor\" data-id=\"de8ed4f\" data-element_type=\"widget\" data-e-type=\"widget\" data-widget_type=\"text-editor.default\">\n\t\t\t\t<div class=\"elementor-widget-container\">\n\t\t\t\t\t\t\t\t\t<h2 class=\"p2\"><strong>Devez-vous soumettre une r\u00e9clamation de garantie ?<\/strong><\/h2><p class=\"p1\">Notre \u00e9quipe appuie chaque toiture que nous installons gr\u00e2ce \u00e0 des garanties parmi les meilleures de l\u2019industrie.<\/p><p class=\"p1\">Si vous \u00e9prouvez un probl\u00e8me que vous croyez couvert par votre garantie, veuillez remplir le formulaire et notre \u00e9quipe examinera votre demande et planifiera une inspection.<\/p><p class=\"p1\">Nous prenons les r\u00e9clamations de garantie tr\u00e8s au s\u00e9rieux. Notre objectif est de veiller \u00e0 ce que chaque client Rydel continue de b\u00e9n\u00e9ficier de la qualit\u00e9 et de la tranquillit\u00e9 d\u2019esprit qu\u2019il m\u00e9rite.<\/p><p class=\"p2\"><a href=\"tel:+18447933511\">1-844-RYDEL-11<\/a><br \/><strong>APPELEZ 24\/7 POUR LE SOUTIEN EN MATI\u00c8RE DE GARANTIE<\/strong><\/p><p class=\"p3\"><span class=\"s2\">Ou \u00e9crivez-nous \u00e0 : <\/span><a href=\"mailto:warranty@rydel.ca\">warranty@rydel.ca<\/a><\/p><hr \/><h2 class=\"p1\"><b>Prochaines \u00e9tapes<\/b><b><\/b><\/h2><p class=\"p1\">Apr\u00e8s la soumission de votre r\u00e9clamation, notre \u00e9quipe de garantie vous contactera dans un d\u00e9lai d\u2019un jour ouvrable afin d\u2019examiner votre demande et de planifier une inspection, au besoin. Pour les situations urgentes (p. ex. : fuites actives ou dommages caus\u00e9s par une temp\u00eate), appelez le <a href=\"tel:+18447933511\">1-844-RYDEL-11<\/a> ou \u00e9crivez \u00e0 <a href=\"mailto:warranty@rydel.ca\">warranty@rydel.ca<\/a>.<\/p><hr \/><h2><strong>Qu\u2019est-ce qui est inclus dans ma couverture ?<\/strong><\/h2><p class=\"&quot;p2\">Votre garantie est l\u00e0 pour vous offrir une tranquillit\u00e9 d\u2019esprit. Elle couvre les probl\u00e8mes admissibles li\u00e9s \u00e0 la main-d\u2019\u0153uvre, conform\u00e9ment aux modalit\u00e9s de la garantie Rydel, chaque situation \u00e9tant \u00e9valu\u00e9e par notre \u00e9quipe d\u2019assurance qualit\u00e9.<\/p><p>Certaines situations \u2014 comme les dommages caus\u00e9s par des temp\u00eates, les r\u00e9parations effectu\u00e9es par des tiers ou l\u2019entretien n\u00e9glig\u00e9 \u2014 peuvent ne pas \u00eatre couvertes. Pour plus de d\u00e9tails, veuillez consulter notre <a href=\"https:\/\/rydelroofing.ca\/wp-content\/uploads\/2026\/02\/Liability-Warranty-Exclusions-Document.pdf\" target=\"_blank\" rel=\"noopener\">Guide des inclusions et exclusions de la garantie (PDF)<\/a> (Anglais).<\/p><p>Vous avez des questions ? Notre \u00e9quipe de garantie se fera un plaisir de vous aider.<\/p><hr \/>\t\t\t\t\t\t\t\t<\/div>\n\t\t\t\t<\/div>\n\t\t\t\t<\/div>\n\t\t<div class=\"elementor-element elementor-element-50d3ebc e-con-full e-flex e-con e-child\" data-id=\"50d3ebc\" data-element_type=\"container\" data-e-type=\"container\">\n\t\t\t\t<div class=\"elementor-element elementor-element-b084ec7 warranty_text_editor elementor-widget elementor-widget-text-editor\" data-id=\"b084ec7\" data-element_type=\"widget\" data-e-type=\"widget\" data-widget_type=\"text-editor.default\">\n\t\t\t\t<div class=\"elementor-widget-container\">\n\t\t\t\t\t\t\t\t\t<h2 class=\"p1\"><strong>Formulaire de r\u00e9clamation de garantie<\/strong><\/h2>\t\t\t\t\t\t\t\t<\/div>\n\t\t\t\t<\/div>\n\t\t\t\t<div class=\"elementor-element elementor-element-dcb4267 elementor-widget elementor-widget-shortcode\" data-id=\"dcb4267\" data-element_type=\"widget\" data-e-type=\"widget\" data-widget_type=\"shortcode.default\">\n\t\t\t\t<div class=\"elementor-widget-container\">\n\t\t\t\t\t\t\t<div class=\"elementor-shortcode\">\n<div class=\"wpcf7 no-js\" id=\"wpcf7-f24390-o1\" lang=\"fr-FR\" dir=\"ltr\" data-wpcf7-id=\"24390\">\n<div class=\"screen-reader-response\"><p role=\"status\" aria-live=\"polite\" aria-atomic=\"true\"><\/p> <ul><\/ul><\/div>\n<form action=\"\/fr\/wp-json\/wp\/v2\/pages\/24264#wpcf7-f24390-o1\" method=\"post\" class=\"wpcf7-form init\" aria-label=\"Formulaire de contact\" novalidate=\"novalidate\" data-status=\"init\">\n<fieldset class=\"hidden-fields-container\"><input type=\"hidden\" name=\"_wpcf7\" value=\"24390\" \/><input type=\"hidden\" name=\"_wpcf7_version\" value=\"6.1.5\" \/><input type=\"hidden\" name=\"_wpcf7_locale\" value=\"fr_FR\" \/><input type=\"hidden\" name=\"_wpcf7_unit_tag\" value=\"wpcf7-f24390-o1\" \/><input type=\"hidden\" name=\"_wpcf7_container_post\" value=\"0\" \/><input type=\"hidden\" name=\"_wpcf7_posted_data_hash\" value=\"\" \/><input type=\"hidden\" name=\"_wpcf7dtx_version\" value=\"5.0.5\" \/>\n<\/fieldset>\n<div class=\"contact_form warranty_form\">\n\t<div class=\"width_1\">\n\t\t<h3>Renseignements personnels\n\t\t<\/h3>\n\t<\/div>\n\t<div class=\"width_2\">\n\t\t<p><label for=\"warranty_form_name\">Pr\u00e9nom*<\/label><br \/>\n<span class=\"wpcf7-form-control-wrap\" data-name=\"first_name\"><input size=\"40\" maxlength=\"400\" class=\"wpcf7-form-control wpcf7-text wpcf7-validates-as-required\" id=\"warranty_form_name\" aria-required=\"true\" aria-invalid=\"false\" placeholder=\"Pr\u00e9nom*\" value=\"\" type=\"text\" name=\"first_name\" \/><\/span>\n\t\t<\/p>\n\t<\/div>\n\t<div class=\"width_2\">\n\t\t<p><label for=\"warranty_form_last_name\">Nom*<\/label><br \/>\n<span class=\"wpcf7-form-control-wrap\" data-name=\"last_name\"><input size=\"40\" maxlength=\"400\" class=\"wpcf7-form-control wpcf7-text wpcf7-validates-as-required\" id=\"warranty_form_last_name\" aria-required=\"true\" aria-invalid=\"false\" placeholder=\"Nom*\" value=\"\" type=\"text\" name=\"last_name\" \/><\/span>\n\t\t<\/p>\n\t<\/div>\n\t<div class=\"width_2\">\n\t\t<p><label for=\"warranty_form_email\">Adresse courriel*<\/label><br \/>\n<span class=\"wpcf7-form-control-wrap\" data-name=\"email\"><input size=\"40\" maxlength=\"400\" class=\"wpcf7-form-control wpcf7-email wpcf7-validates-as-required wpcf7-text wpcf7-validates-as-email\" id=\"warranty_form_email\" aria-required=\"true\" aria-invalid=\"false\" placeholder=\"Adresse courriel*\" value=\"\" type=\"email\" name=\"email\" \/><\/span>\n\t\t<\/p>\n\t<\/div>\n\t<div class=\"width_2\">\n\t\t<p><label for=\"warranty_form_phone\">Num\u00e9ro de t\u00e9l\u00e9phone*<\/label><br \/>\n<span class=\"wpcf7-form-control-wrap\" data-name=\"phone\"><input size=\"40\" maxlength=\"400\" class=\"wpcf7-form-control wpcf7-text wpcf7-validates-as-required\" id=\"warranty_form_phone\" aria-required=\"true\" aria-invalid=\"false\" placeholder=\"Num\u00e9ro de t\u00e9l\u00e9phone*\" value=\"\" type=\"text\" name=\"phone\" \/><\/span>\n\t\t<\/p>\n\t<\/div>\n\t<div class=\"width_1\">\n\t\t<h3>Adresse\n\t\t<\/h3>\n\t<\/div>\n\t<div class=\"width_2\">\n\t\t<p><label for=\"warranty_form_address_street\">Adresse<\/label><br \/>\n<span class=\"wpcf7-form-control-wrap\" data-name=\"address_street\"><input size=\"40\" maxlength=\"400\" class=\"wpcf7-form-control wpcf7-text wpcf7-validates-as-required\" id=\"warranty_form_address_street\" aria-required=\"true\" aria-invalid=\"false\" placeholder=\"Adresse*\" value=\"\" type=\"text\" name=\"address_street\" \/><\/span>\n\t\t<\/p>\n\t<\/div>\n\t<div class=\"width_2\">\n\t\t<p><label for=\"warranty_form_address_city\">Ville<\/label><br \/>\n<span class=\"wpcf7-form-control-wrap\" data-name=\"address_city\"><input size=\"40\" maxlength=\"400\" class=\"wpcf7-form-control wpcf7-text wpcf7-validates-as-required\" id=\"warranty_form_address_city\" aria-required=\"true\" aria-invalid=\"false\" placeholder=\"Ville*\" value=\"\" type=\"text\" name=\"address_city\" \/><\/span>\n\t\t<\/p>\n\t<\/div>\n\t<div class=\"width_2\">\n\t\t<p><label for=\"warranty_form_address_province\">Province<\/label><br \/>\n<span class=\"wpcf7-form-control-wrap\" data-name=\"address_province\"><input size=\"40\" maxlength=\"400\" class=\"wpcf7-form-control wpcf7-text wpcf7-validates-as-required\" id=\"warranty_form_address_province\" aria-required=\"true\" aria-invalid=\"false\" placeholder=\"Province*\" value=\"\" type=\"text\" name=\"address_province\" \/><\/span>\n\t\t<\/p>\n\t<\/div>\n\t<div class=\"width_2\">\n\t\t<p><label for=\"warranty_form_address_postalcode\">Code postal<\/label><br \/>\n<span class=\"wpcf7-form-control-wrap\" data-name=\"address_postalcode\"><input size=\"40\" maxlength=\"400\" class=\"wpcf7-form-control wpcf7-text wpcf7-validates-as-required\" id=\"warranty_form_address_postalcode\" aria-required=\"true\" aria-invalid=\"false\" placeholder=\"Code postal*\" value=\"\" type=\"text\" name=\"address_postalcode\" \/><\/span>\n\t\t<\/p>\n\t<\/div>\n\t<div class=\"width_1\">\n\t\t<h3>Num\u00e9ro de transaction\n\t\t<\/h3>\n\t<\/div>\n\t<div class=\"width_1\">\n\t\t<p>*Veuillez vous reporter \u00e0 la page \u00ab Devis \u00bb de votre contrat Rydel. Vous y trouverez le num\u00e9ro de r\u00e9f\u00e9rence sous la forme <span style=\"white-space: nowrap;\">D-XXXX.<\/span> Veuillez respecter exactement ce format lorsque vous le saisissez ci-dessous.\n\t\t<\/p>\n\t\t<p><label for=\"warranty_form_warranty_number\">D-XXXX<\/label><br \/>\n<span class=\"wpcf7-form-control-wrap\" data-name=\"warranty_number\"><input size=\"40\" maxlength=\"400\" class=\"wpcf7-form-control wpcf7-text wpcf7-validates-as-required\" id=\"warranty_form_warranty_number\" aria-required=\"true\" aria-invalid=\"false\" placeholder=\"D-XXXX*\" value=\"\" type=\"text\" name=\"warranty_number\" \/><\/span>\n\t\t<\/p>\n\t<\/div>\n\t<div class=\"width_1\">\n\t\t<p><label for=\"warranty_form_description\">Description des probl\u00e8mes<\/label><br \/>\n<span class=\"wpcf7-form-control-wrap\" data-name=\"description\"><textarea cols=\"40\" rows=\"10\" maxlength=\"2000\" class=\"wpcf7-form-control wpcf7-textarea\" id=\"warranty_form_description\" aria-invalid=\"false\" placeholder=\"Description des probl\u00e8mes\" name=\"description\"><\/textarea><\/span>\n\t\t<\/p>\n\t<\/div>\n\t<div class=\"width_1 label_show\">\n\t\t<div class=\"full acceptance text_me_acceptance\">\n\t\t\t<p><span class=\"wpcf7-form-control-wrap\" data-name=\"text_me\"><span class=\"wpcf7-form-control wpcf7-acceptance\"><span class=\"wpcf7-list-item\"><label><input type=\"checkbox\" name=\"text_me\" value=\"1\" aria-invalid=\"false\" \/><span class=\"wpcf7-list-item-label\"><div><div class=\"text_me_label\">Oui, contactez-moi!<\/div><div>\u200bEn fournissant les informations ci-dessus et en envoyant ce formulaire, j'accepte de recevoir des appels t\u00e9l\u00e9phoniques, des e-mails ou des SMS de la part de Rydel Roofing (des frais de messagerie et de donn\u00e9es peuvent s'appliquer). Je comprends que mes informations seront utilis\u00e9es conform\u00e9ment \u00e0 la <a href=\"\/fr\/politique-de-confidentialite\/\" target=\"_blank\">politique de confidentialit\u00e9<\/a> de l'entreprise et que je peux me d\u00e9sabonner de tout ou partie de ces communications \u00e0 tout moment.<\/div><\/div><\/span><\/label><\/span><\/span><\/span>\n\t\t\t<\/p>\n\t\t<\/div>\n\t<\/div>\n<input class=\"wpcf7-form-control wpcf7-hidden\" id=\"language\" value=\"Fran\u00e7ais\" type=\"hidden\" name=\"language\" \/>\n<input class=\"wpcf7-form-control wpcf7-hidden\" value=\"\" type=\"hidden\" name=\"UTM_Campaign\" \/>\n<input class=\"wpcf7-form-control wpcf7-hidden\" value=\"\" type=\"hidden\" name=\"UTM_Content\" \/>\n<input class=\"wpcf7-form-control wpcf7-hidden\" value=\"\" type=\"hidden\" name=\"UTM_Medium\" \/>\n<input class=\"wpcf7-form-control wpcf7-hidden\" value=\"\" type=\"hidden\" name=\"UTM_Source\" \/>\n<input class=\"wpcf7-form-control wpcf7-hidden\" value=\"\" type=\"hidden\" name=\"UTM_Term\" \/>\n\t<p><span id=\"wpcf7-69d97932e0a6c-wrapper\" class=\"wpcf7-form-control-wrap website-wrap\" style=\"display:none !important; visibility:hidden !important;\"><label for=\"wpcf7-69d97932e0a6c-field\" class=\"hp-message\">Veuillez laisser ce champ vide.<\/label><input id=\"wpcf7-69d97932e0a6c-field\"  class=\"wpcf7-form-control wpcf7-text\" type=\"text\" name=\"website\" value=\"\" size=\"40\" tabindex=\"-1\" autocomplete=\"off\" \/><\/span>\n\t<\/p>\n\t<div class=\"width_1 submit_btn\">\n\t\t<p><input class=\"wpcf7-form-control wpcf7-submit has-spinner\" type=\"submit\" value=\"Envoyer\" \/>\n\t\t<\/p>\n\t<\/div>\n<\/div><input type=\"hidden\" id=\"ct_checkjs_cf7_087408522c31eeb1f982bc0eaf81d35f\" name=\"ct_checkjs_cf7\" value=\"0\" \/><script >setTimeout(function(){var ct_input_name = \"ct_checkjs_cf7_087408522c31eeb1f982bc0eaf81d35f\";if (document.getElementById(ct_input_name) !== null) {var ct_input_value = document.getElementById(ct_input_name).value;document.getElementById(ct_input_name).value = document.getElementById(ct_input_name).value.replace(ct_input_value, '1232244165');}}, 1000);<\/script><input\n                    class=\"apbct_special_field apbct_email_id__wp_contact_form_7\"\n                    name=\"apbct__email_id__wp_contact_form_7\"\n                    aria-label=\"apbct__label_id__wp_contact_form_7\"\n                    type=\"text\" size=\"30\" maxlength=\"200\" autocomplete=\"off\"\n                    value=\"\"\n                \/><div class=\"wpcf7-response-output\" aria-hidden=\"true\"><\/div>\n<input\n                    class=\"apbct_special_field apbct_email_id__elementor_form\"\n                    name=\"apbct__email_id__elementor_form\"\n                    aria-label=\"apbct__label_id__elementor_form\"\n                    type=\"text\" size=\"30\" maxlength=\"200\" autocomplete=\"off\"\n                    value=\"\"\n                \/><\/form>\n<\/div>\n<\/div>\n\t\t\t\t\t\t<\/div>\n\t\t\t\t<\/div>\n\t\t\t\t<\/div>\n\t\t\t\t\t<\/div>\n\t\t\t\t<\/div>\n\t\t\t\t<\/div>\n\t\t","protected":false},"excerpt":{"rendered":"<p>R\u00e9clamations de garantie Devez-vous soumettre une r\u00e9clamation de garantie ? Notre \u00e9quipe appuie chaque toiture que nous installons gr\u00e2ce \u00e0 des garanties parmi les meilleures de l\u2019industrie. Si vous \u00e9prouvez un probl\u00e8me que vous croyez couvert par votre garantie, veuillez remplir le formulaire et notre \u00e9quipe examinera votre demande et planifiera une inspection. Nous prenons [&hellip;]<\/p>\n","protected":false},"author":1,"featured_media":0,"parent":0,"menu_order":26,"comment_status":"closed","ping_status":"closed","template":"full-width.php","meta":{"_acf_changed":false,"_seopress_robots_primary_cat":"","_seopress_titles_title":"","_seopress_titles_desc":"","_seopress_robots_index":"yes","footnotes":""},"class_list":["post-24264","page","type-page","status-publish","hentry"],"acf":[],"_links":{"self":[{"href":"https:\/\/rydelroofing.ca\/fr\/wp-json\/wp\/v2\/pages\/24264","targetHints":{"allow":["GET"]}}],"collection":[{"href":"https:\/\/rydelroofing.ca\/fr\/wp-json\/wp\/v2\/pages"}],"about":[{"href":"https:\/\/rydelroofing.ca\/fr\/wp-json\/wp\/v2\/types\/page"}],"author":[{"embeddable":true,"href":"https:\/\/rydelroofing.ca\/fr\/wp-json\/wp\/v2\/users\/1"}],"replies":[{"embeddable":true,"href":"https:\/\/rydelroofing.ca\/fr\/wp-json\/wp\/v2\/comments?post=24264"}],"version-history":[{"count":3,"href":"https:\/\/rydelroofing.ca\/fr\/wp-json\/wp\/v2\/pages\/24264\/revisions"}],"predecessor-version":[{"id":24710,"href":"https:\/\/rydelroofing.ca\/fr\/wp-json\/wp\/v2\/pages\/24264\/revisions\/24710"}],"wp:attachment":[{"href":"https:\/\/rydelroofing.ca\/fr\/wp-json\/wp\/v2\/media?parent=24264"}],"curies":[{"name":"wp","href":"https:\/\/api.w.org\/{rel}","templated":true}]}}