{"id":24315,"date":"2026-01-05T13:28:10","date_gmt":"2026-01-05T18:28:10","guid":{"rendered":"https:\/\/rydelroofing.ca\/?page_id=24315"},"modified":"2026-04-09T09:07:02","modified_gmt":"2026-04-09T13:07:02","slug":"transfert-de-garantie","status":"publish","type":"page","link":"https:\/\/rydelroofing.ca\/fr\/transfert-de-garantie\/","title":{"rendered":"Transfert de garantie"},"content":{"rendered":"\t\t<div data-elementor-type=\"wp-page\" data-elementor-id=\"24315\" class=\"elementor elementor-24315 elementor-24314\" data-elementor-post-type=\"page\">\n\t\t\t\t\t\t<section class=\"elementor-section elementor-top-section elementor-element elementor-element-cd42469 elementor-section-content-middle elementor-section-boxed elementor-section-height-default elementor-section-height-default\" data-id=\"cd42469\" data-element_type=\"section\" data-e-type=\"section\" data-settings=\"{&quot;background_background&quot;:&quot;classic&quot;}\">\n\t\t\t\t\t\t<div class=\"elementor-container elementor-column-gap-default\">\n\t\t\t\t\t<div class=\"elementor-column elementor-col-100 elementor-top-column elementor-element elementor-element-f697f82\" data-id=\"f697f82\" data-element_type=\"column\" data-e-type=\"column\">\n\t\t\t<div class=\"elementor-widget-wrap elementor-element-populated\">\n\t\t\t\t\t\t<div class=\"elementor-element elementor-element-d46299d elementor-widget elementor-widget-spacer\" data-id=\"d46299d\" data-element_type=\"widget\" data-e-type=\"widget\" data-widget_type=\"spacer.default\">\n\t\t\t\t<div class=\"elementor-widget-container\">\n\t\t\t\t\t\t\t<div class=\"elementor-spacer\">\n\t\t\t<div class=\"elementor-spacer-inner\"><\/div>\n\t\t<\/div>\n\t\t\t\t\t\t<\/div>\n\t\t\t\t<\/div>\n\t\t\t\t<div class=\"elementor-element elementor-element-a34c7d0 elementor-widget elementor-widget-heading\" data-id=\"a34c7d0\" data-element_type=\"widget\" data-e-type=\"widget\" data-widget_type=\"heading.default\">\n\t\t\t\t<div class=\"elementor-widget-container\">\n\t\t\t\t\t<h1 class=\"elementor-heading-title elementor-size-default\">Transfert de garantie<\/h1>\t\t\t\t<\/div>\n\t\t\t\t<\/div>\n\t\t\t\t\t<\/div>\n\t\t<\/div>\n\t\t\t\t\t<\/div>\n\t\t<\/section>\n\t\t<div class=\"elementor-element elementor-element-b1841be e-flex e-con-boxed e-con e-parent\" data-id=\"b1841be\" data-element_type=\"container\" data-e-type=\"container\">\n\t\t\t\t\t<div class=\"e-con-inner\">\n\t\t<div class=\"elementor-element elementor-element-09fcf8b e-con-full e-flex e-con e-child\" data-id=\"09fcf8b\" data-element_type=\"container\" data-e-type=\"container\">\n\t\t\t\t<div class=\"elementor-element elementor-element-8e3b766 warranty_text_editor elementor-widget elementor-widget-text-editor\" data-id=\"8e3b766\" data-element_type=\"widget\" data-e-type=\"widget\" data-widget_type=\"text-editor.default\">\n\t\t\t\t<div class=\"elementor-widget-container\">\n\t\t\t\t\t\t\t\t\t<h2 class=\"p1\"><strong>Vendez-vous ou achetez-vous une propri\u00e9t\u00e9 prot\u00e9g\u00e9e par une toiture ou un syst\u00e8me ext\u00e9rieur Rydel ?<\/strong><\/h2><p class=\"p1\">Nos garanties transf\u00e9rables sont con\u00e7ues pour prot\u00e9ger non seulement le propri\u00e9taire d\u2019origine, mais aussi le suivant.<\/p><p>Le transfert de votre garantie assure la continuit\u00e9 de la couverture afin de pr\u00e9server la valeur de votre propri\u00e9t\u00e9 et votre tranquillit\u00e9 d\u2019esprit.<\/p><p class=\"p1\"><a href=\"tel:+18447933511\">1-844-RYDEL-11<\/a><br \/>APPELEZ 24\/7 POUR LE SOUTIEN EN MATI\u00c8RE DE GARANTIE<\/p><p class=\"p2\"><span class=\"s1\">Ou \u00e9crivez-nous \u00e0 : <\/span><a href=\"mailto:warranty@rydel.ca\">warranty@rydel.ca<\/a><\/p><hr \/><h2 class=\"p1\"><b>Mon transfert sera-t-il approuv\u00e9 ?<\/b><b><\/b><\/h2><p class=\"p1\">Les demandes de transfert de garantie sont examin\u00e9es afin de confirmer l\u2019installation initiale, l\u2019admissibilit\u00e9 \u00e0 la garantie ainsi que l\u2019\u00e9tat de la toiture ou du syst\u00e8me ext\u00e9rieur.<\/p><p>Les transferts ne sont pas garantis et d\u00e9pendent de plusieurs facteurs, incluant notamment un entretien inad\u00e9quat ou des modifications non approuv\u00e9es effectu\u00e9es apr\u00e8s l\u2019installation initiale par Rydel.<\/p><p><em>Les demandes de transfert de garantie doivent \u00eatre effectu\u00e9es dans les 60 jours suivant la vente du bien immobilier. Les demandes de transfert soumises apr\u00e8s ce d\u00e9lai seront annul\u00e9es.<\/em><\/p><p>Si vous avez des questions, veuillez communiquer avec notre \u00e9quipe de garantie.<\/p><hr \/><h2 class=\"p1\"><b>Prochaines \u00e9tapes<\/b><b><\/b><\/h2><p class=\"p1\">Une fois votre demande soumise, notre \u00e9quipe l\u2019examinera et vous contactera dans un d\u00e9lai d\u2019un jour ouvrable.<\/p><hr \/>\t\t\t\t\t\t\t\t<\/div>\n\t\t\t\t<\/div>\n\t\t\t\t<\/div>\n\t\t<div class=\"elementor-element elementor-element-258b594 e-con-full e-flex e-con e-child\" data-id=\"258b594\" data-element_type=\"container\" data-e-type=\"container\">\n\t\t\t\t<div class=\"elementor-element elementor-element-c5ef32d warranty_text_editor elementor-widget elementor-widget-text-editor\" data-id=\"c5ef32d\" data-element_type=\"widget\" data-e-type=\"widget\" data-widget_type=\"text-editor.default\">\n\t\t\t\t<div class=\"elementor-widget-container\">\n\t\t\t\t\t\t\t\t\t<h2 class=\"p1\">Formulaire de transfert de garantie<\/h2>\t\t\t\t\t\t\t\t<\/div>\n\t\t\t\t<\/div>\n\t\t\t\t<div class=\"elementor-element elementor-element-55b8876 elementor-widget elementor-widget-shortcode\" data-id=\"55b8876\" data-element_type=\"widget\" data-e-type=\"widget\" data-widget_type=\"shortcode.default\">\n\t\t\t\t<div class=\"elementor-widget-container\">\n\t\t\t\t\t\t\t<div class=\"elementor-shortcode\">\n<div class=\"wpcf7 no-js\" id=\"wpcf7-f24344-o1\" lang=\"fr-FR\" dir=\"ltr\" data-wpcf7-id=\"24344\">\n<div class=\"screen-reader-response\"><p role=\"status\" aria-live=\"polite\" aria-atomic=\"true\"><\/p> <ul><\/ul><\/div>\n<form action=\"\/fr\/wp-json\/wp\/v2\/pages\/24315#wpcf7-f24344-o1\" method=\"post\" class=\"wpcf7-form init\" aria-label=\"Formulaire de contact\" enctype=\"multipart\/form-data\" novalidate=\"novalidate\" data-status=\"init\">\n<fieldset class=\"hidden-fields-container\"><input type=\"hidden\" name=\"_wpcf7\" value=\"24344\" \/><input type=\"hidden\" name=\"_wpcf7_version\" value=\"6.1.5\" \/><input type=\"hidden\" name=\"_wpcf7_locale\" value=\"fr_FR\" \/><input type=\"hidden\" name=\"_wpcf7_unit_tag\" value=\"wpcf7-f24344-o1\" \/><input type=\"hidden\" name=\"_wpcf7_container_post\" value=\"0\" \/><input type=\"hidden\" name=\"_wpcf7_posted_data_hash\" value=\"\" \/><input type=\"hidden\" name=\"_wpcf7dtx_version\" value=\"5.0.5\" \/>\n<\/fieldset>\n<div class=\"contact_form warranty_form\">\n\t<div class=\"width_1\">\n\t\t<h3>Renseignements sur le propri\u00e9taire actuel\n\t\t<\/h3>\n\t<\/div>\n\t<div class=\"width_2\">\n\t\t<p><label for=\"warranty_form_name\">Pr\u00e9nom*<\/label><br \/>\n<span class=\"wpcf7-form-control-wrap\" data-name=\"first_name\"><input size=\"40\" maxlength=\"400\" class=\"wpcf7-form-control wpcf7-text wpcf7-validates-as-required\" id=\"warranty_form_name\" aria-required=\"true\" aria-invalid=\"false\" placeholder=\"Pr\u00e9nom*\" value=\"\" type=\"text\" name=\"first_name\" \/><\/span>\n\t\t<\/p>\n\t<\/div>\n\t<div class=\"width_2\">\n\t\t<p><label for=\"warranty_form_last_name\">Nom*<\/label><br \/>\n<span class=\"wpcf7-form-control-wrap\" data-name=\"last_name\"><input size=\"40\" maxlength=\"400\" class=\"wpcf7-form-control wpcf7-text wpcf7-validates-as-required\" id=\"warranty_form_last_name\" aria-required=\"true\" aria-invalid=\"false\" placeholder=\"Nom*\" value=\"\" type=\"text\" name=\"last_name\" \/><\/span>\n\t\t<\/p>\n\t<\/div>\n\t<div class=\"width_2\">\n\t\t<p><label for=\"warranty_form_email\">Adresse courriel*<\/label><br \/>\n<span class=\"wpcf7-form-control-wrap\" data-name=\"email\"><input size=\"40\" maxlength=\"400\" class=\"wpcf7-form-control wpcf7-email wpcf7-validates-as-required wpcf7-text wpcf7-validates-as-email\" id=\"warranty_form_email\" aria-required=\"true\" aria-invalid=\"false\" placeholder=\"Adresse courriel*\" value=\"\" type=\"email\" name=\"email\" \/><\/span>\n\t\t<\/p>\n\t<\/div>\n\t<div class=\"width_2\">\n\t\t<p><label for=\"warranty_form_phone\">Num\u00e9ro de t\u00e9l\u00e9phone*<\/label><br \/>\n<span class=\"wpcf7-form-control-wrap\" data-name=\"phone\"><input size=\"40\" maxlength=\"400\" class=\"wpcf7-form-control wpcf7-text wpcf7-validates-as-required\" id=\"warranty_form_phone\" aria-required=\"true\" aria-invalid=\"false\" placeholder=\"Num\u00e9ro de t\u00e9l\u00e9phone*\" value=\"\" type=\"text\" name=\"phone\" \/><\/span>\n\t\t<\/p>\n\t<\/div>\n\t<div class=\"width_2\">\n\t\t<p><label for=\"warranty_form_address_street\">Adresse<\/label><br \/>\n<span class=\"wpcf7-form-control-wrap\" data-name=\"address_street\"><input size=\"40\" maxlength=\"400\" class=\"wpcf7-form-control wpcf7-text wpcf7-validates-as-required\" id=\"warranty_form_address_street\" aria-required=\"true\" aria-invalid=\"false\" placeholder=\"Adresse*\" value=\"\" type=\"text\" name=\"address_street\" \/><\/span>\n\t\t<\/p>\n\t<\/div>\n\t<div class=\"width_2\">\n\t\t<p><label for=\"warranty_form_address_city\">Ville<\/label><br \/>\n<span class=\"wpcf7-form-control-wrap\" data-name=\"address_city\"><input size=\"40\" maxlength=\"400\" class=\"wpcf7-form-control wpcf7-text wpcf7-validates-as-required\" id=\"warranty_form_address_city\" aria-required=\"true\" aria-invalid=\"false\" placeholder=\"Ville*\" value=\"\" type=\"text\" name=\"address_city\" \/><\/span>\n\t\t<\/p>\n\t<\/div>\n\t<div class=\"width_2\">\n\t\t<p><label for=\"warranty_form_address_province\">Province<\/label><br \/>\n<span class=\"wpcf7-form-control-wrap\" data-name=\"address_province\"><input size=\"40\" maxlength=\"400\" class=\"wpcf7-form-control wpcf7-text wpcf7-validates-as-required\" id=\"warranty_form_address_province\" aria-required=\"true\" aria-invalid=\"false\" placeholder=\"Province*\" value=\"\" type=\"text\" name=\"address_province\" \/><\/span>\n\t\t<\/p>\n\t<\/div>\n\t<div class=\"width_2\">\n\t\t<p><label for=\"warranty_form_address_postalcode\">Code postal<\/label><br \/>\n<span class=\"wpcf7-form-control-wrap\" data-name=\"address_postalcode\"><input size=\"40\" maxlength=\"400\" class=\"wpcf7-form-control wpcf7-text wpcf7-validates-as-required\" id=\"warranty_form_address_postalcode\" aria-required=\"true\" aria-invalid=\"false\" placeholder=\"Code postal*\" value=\"\" type=\"text\" name=\"address_postalcode\" \/><\/span>\n\t\t<\/p>\n\t<\/div>\n\t<div class=\"width_1\">\n\t\t<h3>Renseignements sur le nouveau propri\u00e9taire\n\t\t<\/h3>\n\t<\/div>\n\t<div class=\"width_2\">\n\t\t<p><label for=\"warranty_form_name\">Pr\u00e9nom*<\/label><br \/>\n<span class=\"wpcf7-form-control-wrap\" data-name=\"first_name\"><input size=\"40\" maxlength=\"400\" class=\"wpcf7-form-control wpcf7-text wpcf7-validates-as-required\" aria-required=\"true\" aria-invalid=\"false\" placeholder=\"Pr\u00e9nom*\" value=\"\" type=\"text\" name=\"first_name\" \/><\/span>\n\t\t<\/p>\n\t<\/div>\n\t<div class=\"width_2\">\n\t\t<p><label for=\"warranty_form_last_name\">Nom*<\/label><br \/>\n<span class=\"wpcf7-form-control-wrap\" data-name=\"last_name\"><input size=\"40\" maxlength=\"400\" class=\"wpcf7-form-control wpcf7-text wpcf7-validates-as-required\" aria-required=\"true\" aria-invalid=\"false\" placeholder=\"Nom*\" value=\"\" type=\"text\" name=\"last_name\" \/><\/span>\n\t\t<\/p>\n\t<\/div>\n\t<div class=\"width_2\">\n\t\t<p><label for=\"warranty_form_email\">Adresse courriel*<\/label><br \/>\n<span class=\"wpcf7-form-control-wrap\" data-name=\"email\"><input size=\"40\" maxlength=\"400\" class=\"wpcf7-form-control wpcf7-email wpcf7-validates-as-required wpcf7-text wpcf7-validates-as-email\" aria-required=\"true\" aria-invalid=\"false\" placeholder=\"Adresse courriel*\" value=\"\" type=\"email\" name=\"email\" \/><\/span>\n\t\t<\/p>\n\t<\/div>\n\t<div class=\"width_2\">\n\t\t<p><label for=\"warranty_form_phone\">Num\u00e9ro de t\u00e9l\u00e9phone*<\/label><br \/>\n<span class=\"wpcf7-form-control-wrap\" data-name=\"phone\"><input size=\"40\" maxlength=\"400\" class=\"wpcf7-form-control wpcf7-text wpcf7-validates-as-required\" aria-required=\"true\" aria-invalid=\"false\" placeholder=\"Num\u00e9ro de t\u00e9l\u00e9phone*\" value=\"\" type=\"text\" name=\"phone\" \/><\/span>\n\t\t<\/p>\n\t<\/div>\n\t<div class=\"width_1\">\n\t\t<h3>Adresse de la propri\u00e9t\u00e9 (si diff\u00e9rente)\n\t\t<\/h3>\n\t<\/div>\n\t<div class=\"width_2\">\n\t\t<p><label for=\"warranty_form_address_street\">Adresse<\/label><br \/>\n<span class=\"wpcf7-form-control-wrap\" data-name=\"different_address_street\"><input size=\"40\" maxlength=\"400\" class=\"wpcf7-form-control wpcf7-text\" aria-invalid=\"false\" placeholder=\"Adresse\" value=\"\" type=\"text\" name=\"different_address_street\" \/><\/span>\n\t\t<\/p>\n\t<\/div>\n\t<div class=\"width_2\">\n\t\t<p><label for=\"warranty_form_address_city\">Ville<\/label><br \/>\n<span class=\"wpcf7-form-control-wrap\" data-name=\"different_address_city\"><input size=\"40\" maxlength=\"400\" class=\"wpcf7-form-control wpcf7-text\" aria-invalid=\"false\" placeholder=\"Ville\" value=\"\" type=\"text\" name=\"different_address_city\" \/><\/span>\n\t\t<\/p>\n\t<\/div>\n\t<div class=\"width_2\">\n\t\t<p><label for=\"warranty_form_address_province\">Province<\/label><br \/>\n<span class=\"wpcf7-form-control-wrap\" data-name=\"different_address_province\"><input size=\"40\" maxlength=\"400\" class=\"wpcf7-form-control wpcf7-text\" aria-invalid=\"false\" placeholder=\"Province\" value=\"\" type=\"text\" name=\"different_address_province\" \/><\/span>\n\t\t<\/p>\n\t<\/div>\n\t<div class=\"width_2\">\n\t\t<p><label for=\"warranty_form_address_postalcode\">Code postal<\/label><br \/>\n<span class=\"wpcf7-form-control-wrap\" data-name=\"different_address_postalcode\"><input size=\"40\" maxlength=\"400\" class=\"wpcf7-form-control wpcf7-text\" aria-invalid=\"false\" placeholder=\"Code postal\" value=\"\" type=\"text\" name=\"different_address_postalcode\" \/><\/span>\n\t\t<\/p>\n\t<\/div>\n\t<div class=\"width_1\">\n\t\t<h3>Date approximative de l\u2019installation initiale\n\t\t<\/h3>\n\t<\/div>\n\t<div class=\"width_2\">\n\t\t<p><label for=\"warranty_form_installation_month\">Mois*<\/label><br \/>\n<span class=\"wpcf7-form-control-wrap\" data-name=\"installation_month\"><select class=\"wpcf7-form-control wpcf7-select wpcf7-validates-as-required\" id=\"warranty_form_installation_month\" aria-required=\"true\" aria-invalid=\"false\" name=\"installation_month\"><option value=\"\">Mois*<\/option><option value=\"01\">janvier<\/option><option value=\"02\">f\u00e9vrier<\/option><option value=\"03\">mars<\/option><option value=\"04\">avril<\/option><option value=\"05\">mai<\/option><option value=\"06\">juin<\/option><option value=\"07\">juillet<\/option><option value=\"08\">ao\u00fbt<\/option><option value=\"09\">septembre<\/option><option value=\"10\">octobre<\/option><option value=\"11\">novembre<\/option><option value=\"12\">d\u00e9cembre<\/option><\/select><\/span>\n\t\t<\/p>\n\t<\/div>\n\t<div class=\"width_2\">\n\t\t<p><label for=\"warranty_form_installation_year\">Ann\u00e9e*<\/label><br \/>\n<span class=\"wpcf7-form-control-wrap\" data-name=\"installation_year\"><select class=\"wpcf7-form-control wpcf7-select wpcf7-validates-as-required\" id=\"warranty_form_installation_year\" aria-required=\"true\" aria-invalid=\"false\" name=\"installation_year\"><option value=\"\">Ann\u00e9e*<\/option><option value=\"2026\">2026<\/option><option value=\"2025\">2025<\/option><option value=\"2024\">2024<\/option><option value=\"2023\">2023<\/option><option value=\"2022\">2022<\/option><option value=\"2021\">2021<\/option><option value=\"2020\">2020<\/option><option value=\"2019\">2019<\/option><option value=\"2018\">2018<\/option><option value=\"2017\">2017<\/option><option value=\"2016\">2016<\/option><option value=\"2015\">2015<\/option><option value=\"2014\">2014<\/option><option value=\"2013\">2013<\/option><option value=\"2012\">2012<\/option><option value=\"2011\">2011<\/option><option value=\"2010\">2010<\/option><option value=\"2009\">2009<\/option><option value=\"2008\">2008<\/option><option value=\"2007\">2007<\/option><option value=\"2006\">2006<\/option><option value=\"2005\">2005<\/option><option value=\"2004\">2004<\/option><option value=\"2003\">2003<\/option><option value=\"2002\">2002<\/option><option value=\"2001\">2001<\/option><option value=\"2000\">2000<\/option><option value=\"1999\">1999<\/option><option value=\"1998\">1998<\/option><option value=\"1997\">1997<\/option><option value=\"1996\">1996<\/option><option value=\"1995\">1995<\/option><option value=\"1994\">1994<\/option><option value=\"1993\">1993<\/option><option value=\"1992\">1992<\/option><option value=\"1991\">1991<\/option><option value=\"1990\">1990<\/option><option value=\"1989\">1989<\/option><option value=\"1988\">1988<\/option><option value=\"1987\">1987<\/option><option value=\"1986\">1986<\/option><option value=\"1985\">1985<\/option><option value=\"1984\">1984<\/option><option value=\"1983\">1983<\/option><option value=\"1982\">1982<\/option><option value=\"1981\">1981<\/option><option value=\"1980\">1980<\/option><option value=\"1979\">1979<\/option><option value=\"1978\">1978<\/option><option value=\"1977\">1977<\/option><option value=\"1976\">1976<\/option><option value=\"1975\">1975<\/option><option value=\"1974\">1974<\/option><option value=\"1973\">1973<\/option><option value=\"1972\">1972<\/option><option value=\"1971\">1971<\/option><option value=\"1970\">1970<\/option><option value=\"1969\">1969<\/option><option value=\"1968\">1968<\/option><option value=\"1967\">1967<\/option><option value=\"1966\">1966<\/option><option value=\"1965\">1965<\/option><option value=\"1964\">1964<\/option><option value=\"1963\">1963<\/option><option value=\"1962\">1962<\/option><option value=\"1961\">1961<\/option><option value=\"1960\">1960<\/option><option value=\"1959\">1959<\/option><option value=\"1958\">1958<\/option><option value=\"1957\">1957<\/option><option value=\"1956\">1956<\/option><option value=\"1955\">1955<\/option><option value=\"1954\">1954<\/option><option value=\"1953\">1953<\/option><option value=\"1952\">1952<\/option><option value=\"1951\">1951<\/option><option value=\"1950\">1950<\/option><\/select><\/span>\n\t\t<\/p>\n\t<\/div>\n\t<div class=\"width_1\">\n\t\t<h3>Type de travaux effectu\u00e9s lors de l\u2019installation initiale\n\t\t<\/h3>\n\t<\/div>\n\t<div class=\"width_1\">\n\t\t<p><label for=\"warranty_form_type_of_work\">Type de travaux*<\/label><br \/>\n<span class=\"wpcf7-form-control-wrap\" data-name=\"type_of_work\"><select class=\"wpcf7-form-control wpcf7-select wpcf7-validates-as-required\" id=\"warranty_form_type_of_work\" aria-required=\"true\" aria-invalid=\"false\" name=\"type_of_work\"><option value=\"\">Type de travaux*<\/option><option value=\"Toiture \u2013 bardeaux d\u2019asphalte\">Toiture \u2013 bardeaux d\u2019asphalte<\/option><option value=\"Toiture \u2013 m\u00e9tal\">Toiture \u2013 m\u00e9tal<\/option><option value=\"Toiture \u2013 membrane de caoutchouc\">Toiture \u2013 membrane de caoutchouc<\/option><option value=\"Toiture \u2013 toiture plate\">Toiture \u2013 toiture plate<\/option><option value=\"Rev\u00eatement ext\u00e9rieur\">Rev\u00eatement ext\u00e9rieur<\/option><\/select><\/span>\n\t\t<\/p>\n\t<\/div>\n\t<div class=\"width_1\">\n\t\t<h3>Documents justificatifs\n\t\t<\/h3>\n\t\t<p>Preuve de transfert de propri\u00e9t\u00e9, acte de vente ou titre de propri\u00e9t\u00e9.\n\t\t<\/p>\n\t\t<p>Taille maximale : 5 Mo par fichier\n\t\t<\/p>\n\t\t<div class=\"attachments\">\n\t\t\t<p><span class=\"wpcf7-form-control-wrap\" data-name=\"attachment1\"><input size=\"40\" class=\"wpcf7-form-control wpcf7-file\" accept=\"image\/*\" aria-invalid=\"false\" type=\"file\" name=\"attachment1\" \/><\/span><br \/>\n<span class=\"wpcf7-form-control-wrap\" data-name=\"attachment2\"><input size=\"40\" class=\"wpcf7-form-control wpcf7-file\" accept=\"image\/*\" aria-invalid=\"false\" type=\"file\" name=\"attachment2\" \/><\/span><br \/>\n<span class=\"wpcf7-form-control-wrap\" data-name=\"attachment3\"><input size=\"40\" class=\"wpcf7-form-control wpcf7-file\" accept=\"image\/*\" aria-invalid=\"false\" type=\"file\" name=\"attachment3\" \/><\/span><br \/>\n<span class=\"wpcf7-form-control-wrap\" data-name=\"attachment4\"><input size=\"40\" class=\"wpcf7-form-control wpcf7-file\" accept=\"image\/*\" aria-invalid=\"false\" type=\"file\" name=\"attachment4\" \/><\/span><br \/>\n<span class=\"wpcf7-form-control-wrap\" data-name=\"attachment5\"><input size=\"40\" class=\"wpcf7-form-control wpcf7-file\" accept=\"image\/*\" aria-invalid=\"false\" type=\"file\" name=\"attachment5\" \/><\/span>\n\t\t\t<\/p>\n\t\t<\/div>\n\t<\/div>\n\t<div class=\"width_1 label_show\">\n\t\t<div class=\"full acceptance text_me_acceptance\">\n\t\t\t<p><span class=\"wpcf7-form-control-wrap\" data-name=\"text_me\"><span class=\"wpcf7-form-control wpcf7-acceptance\"><span class=\"wpcf7-list-item\"><label><input type=\"checkbox\" name=\"text_me\" value=\"1\" aria-invalid=\"false\" \/><span class=\"wpcf7-list-item-label\"><div><div class=\"text_me_label\">Oui, contactez-moi!<\/div><div>\u200bEn fournissant les informations ci-dessus et en envoyant ce formulaire, j'accepte de recevoir des appels t\u00e9l\u00e9phoniques, des e-mails ou des SMS de la part de Rydel Roofing (des frais de messagerie et de donn\u00e9es peuvent s'appliquer). Je comprends que mes informations seront utilis\u00e9es conform\u00e9ment \u00e0 la <a href=\"\/fr\/politique-de-confidentialite\/\" target=\"_blank\">politique de confidentialit\u00e9<\/a> de l'entreprise et que je peux me d\u00e9sabonner de tout ou partie de ces communications \u00e0 tout moment.<\/div><\/div><\/span><\/label><\/span><\/span><\/span>\n\t\t\t<\/p>\n\t\t<\/div>\n\t<\/div>\n<input class=\"wpcf7-form-control wpcf7-hidden\" id=\"language\" value=\"Fran\u00e7ais\" type=\"hidden\" name=\"language\" \/>\n<input class=\"wpcf7-form-control wpcf7-hidden\" value=\"\" type=\"hidden\" name=\"UTM_Campaign\" \/>\n<input class=\"wpcf7-form-control wpcf7-hidden\" value=\"\" type=\"hidden\" name=\"UTM_Content\" \/>\n<input class=\"wpcf7-form-control wpcf7-hidden\" value=\"\" type=\"hidden\" name=\"UTM_Medium\" \/>\n<input class=\"wpcf7-form-control wpcf7-hidden\" value=\"\" type=\"hidden\" name=\"UTM_Source\" \/>\n<input class=\"wpcf7-form-control wpcf7-hidden\" value=\"\" type=\"hidden\" name=\"UTM_Term\" \/>\n\t<p><span id=\"wpcf7-69d978ccade47-wrapper\" class=\"wpcf7-form-control-wrap website-wrap\" style=\"display:none !important; visibility:hidden !important;\"><label for=\"wpcf7-69d978ccade47-field\" class=\"hp-message\">Veuillez laisser ce champ vide.<\/label><input id=\"wpcf7-69d978ccade47-field\"  class=\"wpcf7-form-control wpcf7-text\" type=\"text\" name=\"website\" value=\"\" size=\"40\" tabindex=\"-1\" autocomplete=\"off\" \/><\/span>\n\t<\/p>\n\t<div class=\"width_1 submit_btn\">\n\t\t<p><input class=\"wpcf7-form-control wpcf7-submit has-spinner\" type=\"submit\" value=\"Envoyer\" \/>\n\t\t<\/p>\n\t<\/div>\n<\/div><input type=\"hidden\" id=\"ct_checkjs_cf7_b7b16ecf8ca53723593894116071700c\" name=\"ct_checkjs_cf7\" value=\"0\" \/><script >setTimeout(function(){var ct_input_name = \"ct_checkjs_cf7_b7b16ecf8ca53723593894116071700c\";if (document.getElementById(ct_input_name) !== null) {var ct_input_value = document.getElementById(ct_input_name).value;document.getElementById(ct_input_name).value = document.getElementById(ct_input_name).value.replace(ct_input_value, '1232244165');}}, 1000);<\/script><input\n                    class=\"apbct_special_field apbct_email_id__wp_contact_form_7\"\n                    name=\"apbct__email_id__wp_contact_form_7\"\n                    aria-label=\"apbct__label_id__wp_contact_form_7\"\n                    type=\"text\" size=\"30\" maxlength=\"200\" autocomplete=\"off\"\n                    value=\"\"\n                \/><div class=\"wpcf7-response-output\" aria-hidden=\"true\"><\/div>\n<input\n                    class=\"apbct_special_field apbct_email_id__elementor_form\"\n                    name=\"apbct__email_id__elementor_form\"\n                    aria-label=\"apbct__label_id__elementor_form\"\n                    type=\"text\" size=\"30\" maxlength=\"200\" autocomplete=\"off\"\n                    value=\"\"\n                \/><\/form>\n<\/div>\n<\/div>\n\t\t\t\t\t\t<\/div>\n\t\t\t\t<\/div>\n\t\t\t\t<\/div>\n\t\t\t\t\t<\/div>\n\t\t\t\t<\/div>\n\t\t\t\t<\/div>\n\t\t","protected":false},"excerpt":{"rendered":"<p>Transfert de garantie Vendez-vous ou achetez-vous une propri\u00e9t\u00e9 prot\u00e9g\u00e9e par une toiture ou un syst\u00e8me ext\u00e9rieur Rydel ? Nos garanties transf\u00e9rables sont con\u00e7ues pour prot\u00e9ger non seulement le propri\u00e9taire d\u2019origine, mais aussi le suivant. Le transfert de votre garantie assure la continuit\u00e9 de la couverture afin de pr\u00e9server la valeur de votre propri\u00e9t\u00e9 et votre [&hellip;]<\/p>\n","protected":false},"author":1,"featured_media":0,"parent":0,"menu_order":27,"comment_status":"closed","ping_status":"closed","template":"full-width.php","meta":{"_acf_changed":false,"_seopress_robots_primary_cat":"","_seopress_titles_title":"","_seopress_titles_desc":"","_seopress_robots_index":"yes","footnotes":""},"class_list":["post-24315","page","type-page","status-publish","hentry"],"acf":[],"_links":{"self":[{"href":"https:\/\/rydelroofing.ca\/fr\/wp-json\/wp\/v2\/pages\/24315","targetHints":{"allow":["GET"]}}],"collection":[{"href":"https:\/\/rydelroofing.ca\/fr\/wp-json\/wp\/v2\/pages"}],"about":[{"href":"https:\/\/rydelroofing.ca\/fr\/wp-json\/wp\/v2\/types\/page"}],"author":[{"embeddable":true,"href":"https:\/\/rydelroofing.ca\/fr\/wp-json\/wp\/v2\/users\/1"}],"replies":[{"embeddable":true,"href":"https:\/\/rydelroofing.ca\/fr\/wp-json\/wp\/v2\/comments?post=24315"}],"version-history":[{"count":3,"href":"https:\/\/rydelroofing.ca\/fr\/wp-json\/wp\/v2\/pages\/24315\/revisions"}],"predecessor-version":[{"id":24948,"href":"https:\/\/rydelroofing.ca\/fr\/wp-json\/wp\/v2\/pages\/24315\/revisions\/24948"}],"wp:attachment":[{"href":"https:\/\/rydelroofing.ca\/fr\/wp-json\/wp\/v2\/media?parent=24315"}],"curies":[{"name":"wp","href":"https:\/\/api.w.org\/{rel}","templated":true}]}}